{"id":2572,"date":"2022-06-24T22:38:21","date_gmt":"2022-06-24T20:38:21","guid":{"rendered":"https:\/\/tokialai.eus\/ep-2\/arbes\/servicios\/ei-arbes-transporte\/"},"modified":"2024-05-16T20:04:59","modified_gmt":"2024-05-16T18:04:59","slug":"ei-arbes-transporte","status":"publish","type":"page","link":"https:\/\/tokialai.eus\/es\/ei\/arbes\/servicios\/ei-arbes-transporte\/","title":{"rendered":"EI ARBES TRANSPORTE"},"content":{"rendered":"<p>[et_pb_section fb_built=\u00bb1&#8243; _builder_version=\u00bb4.16&#8243; custom_margin=\u00bb0px||||false|false\u00bb custom_padding=\u00bb0px||||false|false\u00bb global_colors_info=\u00bb{}\u00bb][et_pb_row _builder_version=\u00bb4.17.4&#8243; _module_preset=\u00bbdefault\u00bb global_colors_info=\u00bb{}\u00bb][et_pb_column type=\u00bb4_4&#8243; _builder_version=\u00bb4.17.4&#8243; _module_preset=\u00bbdefault\u00bb global_colors_info=\u00bb{}\u00bb][\/et_pb_column][\/et_pb_row][et_pb_row column_structure=\u00bb1_2,1_2&#8243; _builder_version=\u00bb4.16&#8243; global_colors_info=\u00bb{}\u00bb][et_pb_column type=\u00bb1_2&#8243; _builder_version=\u00bb4.16&#8243; global_colors_info=\u00bb{}\u00bb][et_pb_text _builder_version=\u00bb4.24.2&#8243; _module_preset=\u00bbdefault\u00bb header_2_text_color=\u00bb#252850&#8243; hover_enabled=\u00bb0&#8243; global_colors_info=\u00bb{}\u00bb sticky_enabled=\u00bb0&#8243;]<\/p>\n<h2 class=\"widgettitle\">TRANSPORTE<\/h2>\n<p>Nuestros autobuses atraviesan todo Ir\u00fan, parando en diecisiete paradas. Cada a\u00f1o los horarios son diferentes, as\u00ed como los itinerarios, los cuales pueden cambiar seg\u00fan el curso y etapa correspondiente.<\/p>\n<p>El servicio est\u00e1 subvencionado por el Departamento de Educaci\u00f3n.<\/p>\n<h2>RESPONSABLE<\/h2>\n<p>Sergio Gonz\u00e1lez<br \/>Tel:\u00a0 943 899 124<\/p>\n<p>[\/et_pb_text][\/et_pb_column][et_pb_column type=\u00bb1_2&#8243; _builder_version=\u00bb4.16&#8243; global_colors_info=\u00bb{}\u00bb][et_pb_image src=\u00bbhttps:\/\/tokialai.eus\/wp-content\/uploads\/2022\/06\/Tokialai_garraioa-scaled.jpg\u00bb alt=\u00bbToki-Alai Transporte\u00bb title_text=\u00bbToki-Alai Transporte\u00bb _builder_version=\u00bb4.17.4&#8243; _module_preset=\u00bbdefault\u00bb border_width_all=\u00bb1px\u00bb border_color_all=\u00bb#252850&#8243; global_colors_info=\u00bb{}\u00bb][\/et_pb_image][\/et_pb_column][\/et_pb_row][et_pb_row _builder_version=\u00bb4.18.1&#8243; _module_preset=\u00bbdefault\u00bb global_colors_info=\u00bb{}\u00bb][et_pb_column type=\u00bb4_4&#8243; _builder_version=\u00bb4.18.1&#8243; _module_preset=\u00bbdefault\u00bb global_colors_info=\u00bb{}\u00bb][\/et_pb_column][\/et_pb_row][et_pb_row column_structure=\u00bb1_2,1_2&#8243; _builder_version=\u00bb4.18.1&#8243; _module_preset=\u00bbdefault\u00bb custom_margin=\u00bb0px||20px||false|false\u00bb custom_padding=\u00bb15px||||false|false\u00bb border_color_all=\u00bb#a63476&#8243; locked=\u00bboff\u00bb global_colors_info=\u00bb{}\u00bb][et_pb_column type=\u00bb1_2&#8243; _builder_version=\u00bb4.17.4&#8243; _module_preset=\u00bbdefault\u00bb global_colors_info=\u00bb{}\u00bb][et_pb_text _builder_version=\u00bb4.18.1&#8243; _module_preset=\u00bbdefault\u00bb global_colors_info=\u00bb{}\u00bb]<\/p>\n<h2 style=\"text-align: center;\">MAPA GENERAL DE IRINERARIOS<\/h2>\n<p>[\/et_pb_text][et_pb_gallery gallery_ids=\u00bb4156&#8243; fullwidth=\u00bbon\u00bb _builder_version=\u00bb4.18.1&#8243; _module_preset=\u00bbdefault\u00bb global_colors_info=\u00bb{}\u00bb][\/et_pb_gallery][\/et_pb_column][et_pb_column type=\u00bb1_2&#8243; _builder_version=\u00bb4.17.4&#8243; _module_preset=\u00bbdefault\u00bb global_colors_info=\u00bb{}\u00bb][et_pb_text _builder_version=\u00bb4.18.1&#8243; _module_preset=\u00bbdefault\u00bb global_colors_info=\u00bb{}\u00bb]<\/p>\n<h2 style=\"text-align: center;\">ITINERARIOS<\/h2>\n<p>[\/et_pb_text][et_pb_gallery gallery_ids=\u00bb4137,4139,4141,4143,4145,4147,4149,4151,4220&#8243; fullwidth=\u00bbon\u00bb _builder_version=\u00bb4.18.1&#8243; _module_preset=\u00bbdefault\u00bb global_colors_info=\u00bb{}\u00bb][\/et_pb_gallery][\/et_pb_column][\/et_pb_row][et_pb_row _builder_version=\u00bb4.18.1&#8243; _module_preset=\u00bbdefault\u00bb global_colors_info=\u00bb{}\u00bb][et_pb_column type=\u00bb4_4&#8243; _builder_version=\u00bb4.18.1&#8243; _module_preset=\u00bbdefault\u00bb global_colors_info=\u00bb{}\u00bb][et_pb_text _builder_version=\u00bb4.18.1&#8243; _module_preset=\u00bbdefault\u00bb global_colors_info=\u00bb{}\u00bb]<\/p>\n<h1 style=\"text-align: center;\"><strong>L\u00cdNEAS<\/strong><\/h1>\n<p>[\/et_pb_text][\/et_pb_column][\/et_pb_row][et_pb_row column_structure=\u00bb1_3,1_3,1_3&#8243; _builder_version=\u00bb4.18.1&#8243; _module_preset=\u00bbdefault\u00bb global_colors_info=\u00bb{}\u00bb][et_pb_column type=\u00bb1_3&#8243; _builder_version=\u00bb4.18.1&#8243; _module_preset=\u00bbdefault\u00bb global_colors_info=\u00bb{}\u00bb][et_pb_image src=\u00bbhttps:\/\/tokialai.eus\/wp-content\/uploads\/2022\/11\/1.png\u00bb title_text=\u00bb1&#8243; _builder_version=\u00bb4.18.1&#8243; _module_preset=\u00bbdefault\u00bb global_colors_info=\u00bb{}\u00bb][\/et_pb_image][et_pb_code _builder_version=\u00bb4.18.1&#8243; _module_preset=\u00bbdefault\u00bb global_colors_info=\u00bb{}\u00bb]<iframe loading=\"lazy\" src=\"https:\/\/drive.google.com\/file\/d\/1gOH3xwNETomam0lrZML79YNEzCZ_SRFu\/preview\" width=\"320\" height=\"182\" allow=\"autoplay\" allowfullscreen=\"allowfullscreen\"><\/iframe>[\/et_pb_code][et_pb_image src=\u00bbhttps:\/\/tokialai.eus\/wp-content\/uploads\/2022\/11\/4A.png\u00bb title_text=\u00bb4A\u00bb _builder_version=\u00bb4.18.1&#8243; _module_preset=\u00bbdefault\u00bb global_colors_info=\u00bb{}\u00bb][\/et_pb_image][et_pb_code _builder_version=\u00bb4.18.1&#8243; _module_preset=\u00bbdefault\u00bb global_colors_info=\u00bb{}\u00bb]<iframe loading=\"lazy\" src=\"https:\/\/drive.google.com\/file\/d\/1gkk5kOgOW6DTHuu-ZMK6BCqqc7qn3Q9f\/preview\" width=\"320\" height=\"182\" allow=\"autoplay\" allowfullscreen=\"allowfullscreen\"><\/iframe>[\/et_pb_code][et_pb_image src=\u00bbhttps:\/\/tokialai.eus\/wp-content\/uploads\/2022\/11\/6A.png\u00bb title_text=\u00bb6A\u00bb _builder_version=\u00bb4.18.1&#8243; _module_preset=\u00bbdefault\u00bb global_colors_info=\u00bb{}\u00bb][\/et_pb_image][et_pb_code _builder_version=\u00bb4.18.1&#8243; _module_preset=\u00bbdefault\u00bb global_colors_info=\u00bb{}\u00bb]<iframe loading=\"lazy\" src=\"https:\/\/drive.google.com\/file\/d\/1gK6zH_StEHa_XFz-uc7XbSdnO9UbLhw-\/preview\" width=\"320\" height=\"182\" allow=\"autoplay\" allowfullscreen=\"allowfullscreen\"><\/iframe>[\/et_pb_code][\/et_pb_column][et_pb_column type=\u00bb1_3&#8243; _builder_version=\u00bb4.18.1&#8243; _module_preset=\u00bbdefault\u00bb global_colors_info=\u00bb{}\u00bb][et_pb_image src=\u00bbhttps:\/\/tokialai.eus\/wp-content\/uploads\/2022\/11\/2.png\u00bb title_text=\u00bb2&#8243; _builder_version=\u00bb4.18.1&#8243; _module_preset=\u00bbdefault\u00bb global_colors_info=\u00bb{}\u00bb][\/et_pb_image][et_pb_code _builder_version=\u00bb4.18.1&#8243; _module_preset=\u00bbdefault\u00bb background_color=\u00bbRGBA(255,255,255,0)\u00bb global_colors_info=\u00bb{}\u00bb]<iframe loading=\"lazy\" src=\"https:\/\/drive.google.com\/file\/d\/1gPlDoMPXeY5bl2sS3tl9isOqXOxtgF1E\/preview\" width=\"320\" height=\"182\" allow=\"autoplay allowfullscreen=\"allowfullscreen\"><\/iframe>[\/et_pb_code][et_pb_image src=\u00bbhttps:\/\/tokialai.eus\/wp-content\/uploads\/2022\/11\/4B.png\u00bb title_text=\u00bb4B\u00bb _builder_version=\u00bb4.18.1&#8243; _module_preset=\u00bbdefault\u00bb global_colors_info=\u00bb{}\u00bb][\/et_pb_image][et_pb_code _builder_version=\u00bb4.18.1&#8243; _module_preset=\u00bbdefault\u00bb global_colors_info=\u00bb{}\u00bb]<iframe loading=\"lazy\" src=\"https:\/\/drive.google.com\/file\/d\/1gGFQjZneRi-t4vyqIm0rAxAtwypr1EGW\/preview\" width=\"320\" height=\"182\" allow=\"autoplay\" allowfullscreen=\"allowfullscreen\"><\/iframe>[\/et_pb_code][et_pb_image src=\u00bbhttps:\/\/tokialai.eus\/wp-content\/uploads\/2022\/11\/6B.png\u00bb title_text=\u00bb6B\u00bb _builder_version=\u00bb4.18.1&#8243; _module_preset=\u00bbdefault\u00bb global_colors_info=\u00bb{}\u00bb][\/et_pb_image][et_pb_code _builder_version=\u00bb4.18.1&#8243; _module_preset=\u00bbdefault\u00bb global_colors_info=\u00bb{}\u00bb]<iframe loading=\"lazy\" src=\"https:\/\/drive.google.com\/file\/d\/1gHYk30ONa125cjPMFDOpfKQzga2lRqbw\/preview\" width=\"320\" height=\"182\" allow=\"autoplay\" allowfullscreen=\"allowfullscreen\"><\/iframe>[\/et_pb_code][\/et_pb_column][et_pb_column type=\u00bb1_3&#8243; _builder_version=\u00bb4.18.1&#8243; _module_preset=\u00bbdefault\u00bb global_colors_info=\u00bb{}\u00bb][et_pb_image src=\u00bbhttps:\/\/tokialai.eus\/wp-content\/uploads\/2022\/11\/3.png\u00bb title_text=\u00bb3&#8243; _builder_version=\u00bb4.18.1&#8243; _module_preset=\u00bbdefault\u00bb global_colors_info=\u00bb{}\u00bb][\/et_pb_image][et_pb_code _builder_version=\u00bb4.18.1&#8243; _module_preset=\u00bbdefault\u00bb background_color=\u00bbRGBA(255,255,255,0)\u00bb global_colors_info=\u00bb{}\u00bb]<iframe loading=\"lazy\" src=\"https:\/\/drive.google.com\/file\/d\/1giYOvxPXgPtpf7Ev-l4jNaHK7Oaf7C8T\/preview\" width=\"320\" height=\"182\" allow=\"autoplay\" allowfullscreen=\"allowfullscreen\"><\/iframe>[\/et_pb_code][et_pb_image src=\u00bbhttps:\/\/tokialai.eus\/wp-content\/uploads\/2022\/11\/5.png\u00bb title_text=\u00bb5&#8243; _builder_version=\u00bb4.18.1&#8243; _module_preset=\u00bbdefault\u00bb global_colors_info=\u00bb{}\u00bb][\/et_pb_image][et_pb_code _builder_version=\u00bb4.18.1&#8243; _module_preset=\u00bbdefault\u00bb global_colors_info=\u00bb{}\u00bb]<iframe loading=\"lazy\" src=\"https:\/\/drive.google.com\/file\/d\/1gPytun79HMs6lKAWfgnsmpbpm1K1OWWl\/preview\" width=\"320\" height=\"182\" allow=\"autoplay\" allowfullscreen=\"allowfullscreen\"><\/iframe>[\/et_pb_code][et_pb_image src=\u00bbhttps:\/\/tokialai.eus\/wp-content\/uploads\/2022\/11\/7.png\u00bb title_text=\u00bb7&#8243; _builder_version=\u00bb4.18.1&#8243; _module_preset=\u00bbdefault\u00bb global_colors_info=\u00bb{}\u00bb][\/et_pb_image][et_pb_code _builder_version=\u00bb4.18.1&#8243; _module_preset=\u00bbdefault\u00bb global_colors_info=\u00bb{}\u00bb]<iframe loading=\"lazy\" src=\"https:\/\/drive.google.com\/file\/d\/1gHs_TylgfTJsAbacv2TBYWe6pUc2p6nf\/preview\" width=\"320\" height=\"182\" allow=\"autoplay\" allowfullscreen=\"allowfullscreen\"><\/iframe>[\/et_pb_code][\/et_pb_column][\/et_pb_row][\/et_pb_section]<\/p>\n","protected":false},"excerpt":{"rendered":"<p>TRANSPORTE Nuestros autobuses atraviesan todo Ir\u00fan, parando en diecisiete paradas. Cada a\u00f1o los horarios son diferentes, as\u00ed como los itinerarios, los cuales pueden cambiar seg\u00fan el curso y etapa correspondiente. El servicio est\u00e1 subvencionado por el Departamento de Educaci\u00f3n. RESPONSABLE Sergio Gonz\u00e1lezTel:\u00a0 943 899 124MAPA GENERAL DE IRINERARIOSITINERARIOSL\u00cdNEAS<\/p>\n","protected":false},"author":1,"featured_media":2123,"parent":2412,"menu_order":0,"comment_status":"closed","ping_status":"closed","template":"template-lh-fullwidth.php","meta":{"_et_pb_use_builder":"on","_et_pb_old_content":"","_et_gb_content_width":"","footnotes":""},"wf_page_folders":[20],"class_list":["post-2572","page","type-page","status-publish","has-post-thumbnail","hentry"],"_links":{"self":[{"href":"https:\/\/tokialai.eus\/es\/wp-json\/wp\/v2\/pages\/2572","targetHints":{"allow":["GET"]}}],"collection":[{"href":"https:\/\/tokialai.eus\/es\/wp-json\/wp\/v2\/pages"}],"about":[{"href":"https:\/\/tokialai.eus\/es\/wp-json\/wp\/v2\/types\/page"}],"author":[{"embeddable":true,"href":"https:\/\/tokialai.eus\/es\/wp-json\/wp\/v2\/users\/1"}],"replies":[{"embeddable":true,"href":"https:\/\/tokialai.eus\/es\/wp-json\/wp\/v2\/comments?post=2572"}],"version-history":[{"count":8,"href":"https:\/\/tokialai.eus\/es\/wp-json\/wp\/v2\/pages\/2572\/revisions"}],"predecessor-version":[{"id":7404,"href":"https:\/\/tokialai.eus\/es\/wp-json\/wp\/v2\/pages\/2572\/revisions\/7404"}],"up":[{"embeddable":true,"href":"https:\/\/tokialai.eus\/es\/wp-json\/wp\/v2\/pages\/2412"}],"wp:featuredmedia":[{"embeddable":true,"href":"https:\/\/tokialai.eus\/es\/wp-json\/wp\/v2\/media\/2123"}],"wp:attachment":[{"href":"https:\/\/tokialai.eus\/es\/wp-json\/wp\/v2\/media?parent=2572"}],"wp:term":[{"taxonomy":"wf_page_folders","embeddable":true,"href":"https:\/\/tokialai.eus\/es\/wp-json\/wp\/v2\/wf_page_folders?post=2572"}],"curies":[{"name":"wp","href":"https:\/\/api.w.org\/{rel}","templated":true}]}}