{"id":2478,"date":"2022-06-24T21:40:28","date_gmt":"2022-06-24T19:40:28","guid":{"rendered":"https:\/\/tokialai.eus\/educacion-primaria\/ep-centro-educativo\/ep-funcionamiento\/"},"modified":"2022-06-24T22:10:05","modified_gmt":"2022-06-24T20:10:05","slug":"funcionamiento","status":"publish","type":"page","link":"https:\/\/tokialai.eus\/es\/ep\/centro-educativo\/funcionamiento\/","title":{"rendered":"EP FUNCIONAMIENTO"},"content":{"rendered":"<p>[et_pb_section fb_built=\u00bb1&#8243; _builder_version=\u00bb4.17.4&#8243; _module_preset=\u00bbdefault\u00bb custom_margin=\u00bb||0px||false|false\u00bb global_colors_info=\u00bb{}\u00bb][et_pb_row module_class=\u00bblogoak\u00bb _builder_version=\u00bb4.17.4&#8243; _module_preset=\u00bbdefault\u00bb background_color=\u00bb#f4f4f4&#8243; border_color_all=\u00bb#252850&#8243; locked=\u00bboff\u00bb global_colors_info=\u00bb{}\u00bb header_4_font_size__hover_enabled=\u00bbon|desktop\u00bb header_4_font_size_last_edited=\u00bbon|desktop\u00bb][et_pb_column type=\u00bb4_4&#8243; _builder_version=\u00bb4.16&#8243; _module_preset=\u00bbdefault\u00bb custom_padding=\u00bb0px||0px||true|false\u00bb global_colors_info=\u00bb{}\u00bb][et_pb_text _builder_version=\u00bb4.17.4&#8243; _module_preset=\u00bbdefault\u00bb header_2_text_color=\u00bb#252850&#8243; background_color=\u00bbRGBA(255,255,255,0)\u00bb text_orientation=\u00bbcenter\u00bb module_alignment=\u00bbcenter\u00bb global_colors_info=\u00bb{}\u00bb]<\/p>\n<h2>ESTRUCTURA ORGANIZATIVA<\/h2>\n<p>[\/et_pb_text][\/et_pb_column][\/et_pb_row][et_pb_row column_structure=\u00bb1_2,1_2&#8243; _builder_version=\u00bb4.17.4&#8243; _module_preset=\u00bbdefault\u00bb background_color=\u00bbRGBA(255,255,255,0)\u00bb custom_margin=\u00bb||0px||false|false\u00bb custom_padding=\u00bb||0px||false|false\u00bb hover_enabled=\u00bb0&#8243; border_color_all=\u00bb#252850&#8243; border_color_bottom=\u00bb#f4f4f4&#8243; global_colors_info=\u00bb{}\u00bb header_4_font_size__hover_enabled=\u00bbon|desktop\u00bb header_4_font_size_last_edited=\u00bbon|desktop\u00bb sticky_enabled=\u00bb0&#8243;][et_pb_column type=\u00bb1_2&#8243; _builder_version=\u00bb4.16.1&#8243; _module_preset=\u00bbdefault\u00bb global_colors_info=\u00bb{}\u00bb][et_pb_text admin_label=\u00bb IKASTETXEKO ORGANOAK\u00bb _builder_version=\u00bb4.17.4&#8243; _module_preset=\u00bbdefault\u00bb header_font=\u00bb||||on|||#252850|\u00bb header_3_font=\u00bbThasadith|||||||#252850|\u00bb header_3_text_color=\u00bb#252850&#8243; header_4_font=\u00bbThasadith||||||||\u00bb header_4_text_color=\u00bb#252850&#8243; background_color=\u00bbRGBA(255,255,255,0)\u00bb custom_padding=\u00bb||0px||false|false\u00bb header_4_font_size_tablet=\u00bb\u00bb header_4_font_size_phone=\u00bb\u00bb header_4_font_size_last_edited=\u00bbon|desktop\u00bb border_color_all=\u00bb#252850&#8243; border_width_bottom=\u00bb10px\u00bb border_color_bottom=\u00bb#f4f4f4&#8243; global_colors_info=\u00bb{}\u00bb header_4_font_size__hover_enabled=\u00bbon|desktop\u00bb]<\/p>\n<h3>\u00d3RGANOS DEL CENTRO<\/h3>\n<p>[\/et_pb_text][et_pb_text _builder_version=\u00bb4.17.4&#8243; _module_preset=\u00bbdefault\u00bb header_font=\u00bb||||on|||#252850|\u00bb header_3_font=\u00bbThasadith|||||||#252850|\u00bb header_3_text_color=\u00bb#252850&#8243; header_4_font=\u00bbThasadith||||||||\u00bb header_4_text_color=\u00bb#252850&#8243; header_4_font_size_tablet=\u00bb\u00bb header_4_font_size_phone=\u00bb\u00bb header_4_font_size_last_edited=\u00bbon|desktop\u00bb border_color_all=\u00bb#252850&#8243; border_width_bottom=\u00bb1px\u00bb global_colors_info=\u00bb{}\u00bb header_4_font_size__hover_enabled=\u00bbon|desktop\u00bb]Barne Erregimeneko Arautegian zehazten dira ikastetxeko organoen betebeharrak eta konpetentziak<\/p>\n<h4><strong>CONSEJOS ESCOLARES<\/strong><\/h4>\n<p>El Consejo Escolar es el \u00f3rgano de gobierno del centro.<\/p>\n<p>En \u00e9l participan los representantes de los distintos sectores de la comunidad educativa (alumnos, profesores, padres, equipo directivo, ayuntamiento, personal no docente). Es el \u00f3rgano encargado de aprobar todos los planes, tanto de gesti\u00f3n como de administraci\u00f3n y econ\u00f3micos, as\u00ed como de supervisar la actividad general del centro.<\/p>\n<h4>EQUIPOS DIRECTIVOS<\/h4>\n<p>Ejercen las funciones directivas del centro. Est\u00e1n compuestos por:<\/p>\n<ul>\n<li>Director: &#8211; Gesti\u00f3n, direcci\u00f3n y coordinaci\u00f3n general del Centro.<\/li>\n<li>Jefe de Estudios: &#8211; Responsable \u00e1rea pedag\u00f3gica<\/li>\n<li>Secretario: &#8211; Administraci\u00f3n y gesti\u00f3n econ\u00f3mica en educaci\u00f3n secundaria. En primaria la gesti\u00f3n econ\u00f3mica es funci\u00f3n del administrador del centro.<\/li>\n<\/ul>\n<p>Apostamos por un trabajo en equipo de los distintos miembros, para obtener una direcci\u00f3n m\u00e1s coherente, coordinada y eficaz.<\/p>\n<h4><strong>CLAUSTROS<\/strong><\/h4>\n<p>Son los \u00f3rganos de participaci\u00f3n de todos los profesores y profesoras del Centro. Les corresponde la elaboraci\u00f3n y ejecuci\u00f3n de las actividades docentes.<\/p>\n<p>Para hacer m\u00e1s operativo el trabajo t\u00e9cnico, optamos por un modelo organizativo basado en la estructura de Ciclos que agrupan a los tutores, bajo la responsabilidad de Coordinadores encargados de motivar y canalizar el trabajo de los mismos, y organizados en la Comisi\u00f3n Pedag\u00f3gica bajo la presidencia del Jefe de Estudios.<\/p>\n<h4>ASOCIACIONES DE PADRES<\/h4>\n<p>Los padres y madres de alumnos\/as pueden hacerse socios de las Asociaciones de Padres del Centro.<\/p>\n<p>Las AMPAs organizan actividades extraescolares aprobadas por el Consejo Escolar, diversas fiestas, colaboran en el montaje de aulas en la escuela, elevando propuestas a los \u00f3rganos del Centro sobre asuntos competencia de estos.<\/p>\n<p>&nbsp;<\/p>\n<p>&nbsp;[\/et_pb_text][et_pb_text admin_label=\u00bbTOKI ALAI HH ETA LH-AREN ETA TOKI ALAI DBH-AREN ARTEKO HARREMANAK\u00bb _builder_version=\u00bb4.17.4&#8243; _module_preset=\u00bbdefault\u00bb header_font=\u00bb||||on|||#252850|\u00bb header_3_font=\u00bbThasadith|||||||#252850|\u00bb header_3_text_color=\u00bb#252850&#8243; header_4_font=\u00bbThasadith||||||||\u00bb header_4_text_color=\u00bb#252850&#8243; background_color=\u00bbRGBA(255,255,255,0)\u00bb custom_padding=\u00bb||0px||false|false\u00bb header_4_font_size_tablet=\u00bb\u00bb header_4_font_size_phone=\u00bb\u00bb header_4_font_size_last_edited=\u00bbon|desktop\u00bb border_color_all=\u00bb#252850&#8243; border_width_bottom=\u00bb10px\u00bb border_color_bottom=\u00bb#f4f4f4&#8243; global_colors_info=\u00bb{}\u00bb header_4_font_size__hover_enabled=\u00bbon|desktop\u00bb]<\/p>\n<h3>RELACIONES ENTRE TOKI-ALAI EI Y EP Y TOKI-ALAI ESO<\/h3>\n<p>[\/et_pb_text][et_pb_text _builder_version=\u00bb4.17.4&#8243; _module_preset=\u00bbdefault\u00bb header_font=\u00bb||||on|||#252850|\u00bb header_3_font=\u00bbThasadith||||||||\u00bb header_3_text_color=\u00bb#252850&#8243; header_4_font=\u00bbThasadith||||||||\u00bb header_4_text_color=\u00bb#252850&#8243; hover_enabled=\u00bb0&#8243; header_4_font_size_tablet=\u00bb\u00bb header_4_font_size_phone=\u00bb\u00bb header_4_font_size_last_edited=\u00bbon|desktop\u00bb border_color_all=\u00bb#252850&#8243; global_colors_info=\u00bb{}\u00bb header_4_font_size__hover_enabled=\u00bbon|desktop\u00bb sticky_enabled=\u00bb0&#8243;]Honako esparru hauetan zehazten dira Toki Alai Haur eta Lehen Hezkuntzaren eta Toki Alai Derrigorrezko Bigarren Hezkuntzaren arteko harremanak:<\/p>\n<p>Las relaciones entre Toki-Alai Educaci\u00f3n Infantil y Primaria y Toki-Alai Educaci\u00f3n Secundaria Obligatoria se desarrollan en los siguientes \u00e1mbitos:<\/p>\n<h3>\u00c1MBITO PEDAG\u00d3GICO<\/h3>\n<p>Tiene como funci\u00f3n garantizar la continuidad del Proyecto Educativo y la coordinaci\u00f3n en el desarrollo curricular de las distintas etapas.<\/p>\n<p>Ser\u00e1n los equipos directivos de los centros los encargados de su coordinaci\u00f3n.<\/p>\n<h3>\u00c1MBITO ORGANIZATIVO<\/h3>\n<p>Tiene como funci\u00f3n garantizar el desarrollo com\u00fan de la organizaci\u00f3n y funcionamiento de la Educaci\u00f3n Infantil y Primaria y la Educaci\u00f3n Secundaria Obligatoria.<\/p>\n<p>Para ello se crea una comisi\u00f3n interconsejos formada por los presidentes de ambos y un representante de profesores y otro de padres de cada uno de ellos.<\/p>\n<h3>\u00c1MBITO DE GESTI\u00d3N<\/h3>\n<p>Tiene como funci\u00f3n unificar criterios en la gesti\u00f3n y es llevada a cabo por los directores de Toki-Alai Educaci\u00f3n Infantil y Primaria y Toki-Alai Educaci\u00f3n Secundaria Obligatoria.<\/p>\n<p>&nbsp;[\/et_pb_text][\/et_pb_column][et_pb_column type=\u00bb1_2&#8243; _builder_version=\u00bb4.16.1&#8243; _module_preset=\u00bbdefault\u00bb global_colors_info=\u00bb{}\u00bb][et_pb_text admin_label=\u00bbIKASTETXEKO ZERBITZUAK\u00bb _builder_version=\u00bb4.17.4&#8243; _module_preset=\u00bbdefault\u00bb header_font=\u00bb||||on|||#252850|\u00bb header_3_font=\u00bbThasadith|||||||#252850|\u00bb header_3_text_color=\u00bb#252850&#8243; header_4_font=\u00bbThasadith||||||||\u00bb header_4_text_color=\u00bb#252850&#8243; background_color=\u00bbRGBA(255,255,255,0)\u00bb custom_padding=\u00bb||0px||false|false\u00bb header_4_font_size_tablet=\u00bb\u00bb header_4_font_size_phone=\u00bb\u00bb header_4_font_size_last_edited=\u00bbon|desktop\u00bb border_color_all=\u00bb#252850&#8243; border_width_bottom=\u00bb10px\u00bb border_color_bottom=\u00bb#f4f4f4&#8243; global_colors_info=\u00bb{}\u00bb header_4_font_size__hover_enabled=\u00bbon|desktop\u00bb]<\/p>\n<h3>SERVICIOS DEL CENTRO EDUCATIVO<\/h3>\n<p>[\/et_pb_text][et_pb_text _builder_version=\u00bb4.17.4&#8243; _module_preset=\u00bbdefault\u00bb header_3_text_color=\u00bb#252850&#8243; header_4_text_color=\u00bb#252850&#8243; border_width_bottom=\u00bb1px\u00bb border_color_bottom=\u00bb#252850&#8243; global_colors_info=\u00bb{}\u00bb]<\/p>\n<h4>COMEDOR<\/h4>\n<p>&nbsp;<\/p>\n<ul>\n<li>Comedor<\/li>\n<\/ul>\n<p>Existe servicio de comedor en los tres edificios. En cada comedor hay cuidadoras que, adem\u00e1s de servir la comida, planifican y organizan distintas actividades a realizar en el tiempo libre disponible hasta el comienzo de las clases de la tarde.<\/p>\n<p>El comedor es financiado por los padres y subvencionado por la administraci\u00f3n, siendo gestionado por el Equipo Directivo.<\/p>\n<h4><strong>TRANSPORTE<\/strong><\/h4>\n<p>Dada la ubicaci\u00f3n de los edificios a las afueras de la ciudad y puesto que recogemos alumnos de todo Ir\u00fan, disponemos de servicio de autobuses que con sus itinerarios cubren los distintos barrios.<\/p>\n<p>El transporte est\u00e1 subvencionado al 100% por la administraci\u00f3n para todos los alumnos que cumplen los requisitos marcados por el departamento de educaci\u00f3n en lo referente al n\u00ba de km desde el domicilio y a la zona de referencia.<\/p>\n<h4>ACTIVIDADES COMPLEMENTARIAS Y EXTRAESCOLARES<\/h4>\n<p>Las actividades complementarias que se organizan dentro del horario lectivo, son controladas por los Equipos Docentes<\/p>\n<p>La organizaci\u00f3n de las actividades extraescolares corre a cargo de la Asociaci\u00f3n de Padres y del equipo docente de la escuela bajo la supervisi\u00f3n de la Comisi\u00f3n Permanente del Consejo Escolar.<\/p>\n<h4>ATENCI\u00d3N A LOS PADRES DE LOS ALUMNOS\/AS<\/h4>\n<p>Se mantienen relaciones con la Asociaci\u00f3n de Padres y entre los\/as tutores\/as y los padres de sus alumnos\/as, tanto colectiva como individualmente.<\/p>\n<p>&nbsp;[\/et_pb_text][et_pb_text admin_label=\u00bbBESTE ERAKUNDEEKIKO HARREMANAK\u00bb _builder_version=\u00bb4.17.4&#8243; _module_preset=\u00bbdefault\u00bb header_3_text_color=\u00bb#252850&#8243; header_4_text_color=\u00bb#252850&#8243; border_width_bottom=\u00bb10px\u00bb border_color_bottom=\u00bb#f4f4f4&#8243; global_colors_info=\u00bb{}\u00bb]<\/p>\n<h3>RELACIONES CON OTRAS INSTITUCIONES<\/h3>\n<p>[\/et_pb_text][et_pb_text _builder_version=\u00bb4.17.4&#8243; _module_preset=\u00bbdefault\u00bb header_3_text_color=\u00bb#252850&#8243; header_4_text_color=\u00bb#252850&#8243; hover_enabled=\u00bb0&#8243; global_colors_info=\u00bb{}\u00bb sticky_enabled=\u00bb0&#8243;]Como Centro integrado en el entorno, participamos en las distintas actividades que se organizan en el municipio y mantenemos relaciones con las instituciones que tienen relevancia en el \u00e1mbito educativo:<\/p>\n<ul>\n<li>Con la Delegaci\u00f3n Territorial de Educaci\u00f3n que determina y financia la plantilla laboral, gastos de funcionamiento del Centro y subvenciones para transporte y comedor.<\/li>\n<li>Con la Inspecci\u00f3n que supervisa nuestra labor educativa: Plan de Centro, Memoria, visitas peri\u00f3dicas al Centro&#8230;<\/li>\n<li>Con el Ayuntamiento que es el encargado del mantenimiento y conservaci\u00f3n de las instalaciones escolares de Infantil y Primaria. Colaboramos con \u00e9l en las distintas actividades educativas que organiza.<\/li>\n<li>Con el Berritzegune de la zona, de qui\u00e9n recibimos asesoramiento en las diversas \u00e1reas, asistencia psicopedag\u00f3gica a cargo del equipo multiprofesional y orientaci\u00f3n para la formaci\u00f3n permanente del profesorado.En el Berritzegune nos coordinamos y participamos en las actividades de formaci\u00f3n con los distintos centros de Ir\u00fan en reuniones de Directores, Jefes de Estudios y seminarios de tareas de ESO.<\/li>\n<li>En las redes de centros y directores de la ense\u00f1anza p\u00fablica Sarean (Primaria) y BiHe (Secundaria) participamos en la coordinaci\u00f3n y organizaci\u00f3n de todas aquellas iniciativas que puedan ir en beneficio de la Escuela P\u00fablica.<\/li>\n<\/ul>\n<p>[\/et_pb_text][\/et_pb_column][\/et_pb_row][\/et_pb_section]<\/p>\n","protected":false},"excerpt":{"rendered":"<p>ESTRUCTURA ORGANIZATIVA\u00d3RGANOS DEL CENTROBarne Erregimeneko Arautegian zehazten dira ikastetxeko organoen betebeharrak eta konpetentziak CONSEJOS ESCOLARES El Consejo Escolar es el \u00f3rgano de gobierno del centro. En \u00e9l participan los representantes de los distintos sectores de la comunidad educativa (alumnos, profesores, padres, equipo directivo, ayuntamiento, personal no docente). Es el \u00f3rgano encargado de aprobar todos los<a class=\"moretag\" href=\"https:\/\/tokialai.eus\/es\/ep\/centro-educativo\/funcionamiento\/\">Irakurri gehiago<\/a><\/p>\n","protected":false},"author":1,"featured_media":2124,"parent":2466,"menu_order":0,"comment_status":"closed","ping_status":"closed","template":"template-lh-fullwidth.php","meta":{"_et_pb_use_builder":"on","_et_pb_old_content":"","_et_gb_content_width":"","footnotes":""},"wf_page_folders":[14],"class_list":["post-2478","page","type-page","status-publish","has-post-thumbnail","hentry"],"_links":{"self":[{"href":"https:\/\/tokialai.eus\/es\/wp-json\/wp\/v2\/pages\/2478","targetHints":{"allow":["GET"]}}],"collection":[{"href":"https:\/\/tokialai.eus\/es\/wp-json\/wp\/v2\/pages"}],"about":[{"href":"https:\/\/tokialai.eus\/es\/wp-json\/wp\/v2\/types\/page"}],"author":[{"embeddable":true,"href":"https:\/\/tokialai.eus\/es\/wp-json\/wp\/v2\/users\/1"}],"replies":[{"embeddable":true,"href":"https:\/\/tokialai.eus\/es\/wp-json\/wp\/v2\/comments?post=2478"}],"version-history":[{"count":2,"href":"https:\/\/tokialai.eus\/es\/wp-json\/wp\/v2\/pages\/2478\/revisions"}],"predecessor-version":[{"id":2480,"href":"https:\/\/tokialai.eus\/es\/wp-json\/wp\/v2\/pages\/2478\/revisions\/2480"}],"up":[{"embeddable":true,"href":"https:\/\/tokialai.eus\/es\/wp-json\/wp\/v2\/pages\/2466"}],"wp:featuredmedia":[{"embeddable":true,"href":"https:\/\/tokialai.eus\/es\/wp-json\/wp\/v2\/media\/2124"}],"wp:attachment":[{"href":"https:\/\/tokialai.eus\/es\/wp-json\/wp\/v2\/media?parent=2478"}],"wp:term":[{"taxonomy":"wf_page_folders","embeddable":true,"href":"https:\/\/tokialai.eus\/es\/wp-json\/wp\/v2\/wf_page_folders?post=2478"}],"curies":[{"name":"wp","href":"https:\/\/api.w.org\/{rel}","templated":true}]}}