{"id":2459,"date":"2022-06-24T21:22:50","date_gmt":"2022-06-24T19:22:50","guid":{"rendered":"https:\/\/tokialai.eus\/educacion-primaria\/ep-antolaketa\/ep-txoko-familias\/"},"modified":"2025-07-30T19:20:21","modified_gmt":"2025-07-30T17:20:21","slug":"txoko-familias","status":"publish","type":"page","link":"https:\/\/tokialai.eus\/es\/ep\/organizacion\/txoko-familias\/","title":{"rendered":"EP TXOKO FAMILIAS"},"content":{"rendered":"<p>[et_pb_section fb_built=\u00bb1&#8243; _builder_version=\u00bb4.16.1&#8243; _module_preset=\u00bbdefault\u00bb global_colors_info=\u00bb{}\u00bb][et_pb_row column_structure=\u00bb3_5,2_5&#8243; _builder_version=\u00bb4.16.1&#8243; _module_preset=\u00bbdefault\u00bb global_colors_info=\u00bb{}\u00bb][et_pb_column type=\u00bb3_5&#8243; _builder_version=\u00bb4.16.1&#8243; _module_preset=\u00bbdefault\u00bb global_colors_info=\u00bb{}\u00bb][et_pb_text _builder_version=\u00bb4.17.4&#8243; _module_preset=\u00bbdefault\u00bb header_2_text_color=\u00bb#252850&#8243; custom_padding=\u00bb20px|20px|20px|20px|true|true\u00bb global_colors_info=\u00bb{}\u00bb]<\/p>\n<p>Alaikiro es la Asociaci\u00f3n de Madres y Padres de Toki-Alai que tiene como objetivos favorecer la participaci\u00f3n de las familias en el funcionamiento del centro, as\u00ed como organizar y costear diversas actividades, formar parte del consejo escolar y participar en otras comisiones de la escuela.<\/p>\n<p>[\/et_pb_text][\/et_pb_column][et_pb_column type=\u00bb2_5&#8243; _builder_version=\u00bb4.16.1&#8243; _module_preset=\u00bbdefault\u00bb global_colors_info=\u00bb{}\u00bb][et_pb_image src=\u00bbhttps:\/\/tokialai.eus\/wp-content\/uploads\/2023\/01\/alaikiro.jpg\u00bb alt=\u00bbFamilienTxokoa\u00bb title_text=\u00bbalaikiro\u00bb _builder_version=\u00bb4.27.4&#8243; _module_preset=\u00bbdefault\u00bb hover_enabled=\u00bb0&#8243; global_colors_info=\u00bb{}\u00bb sticky_enabled=\u00bb0&#8243;][\/et_pb_image][\/et_pb_column][\/et_pb_row][\/et_pb_section][et_pb_section fb_built=\u00bb1&#8243; theme_builder_area=\u00bbpost_content\u00bb _builder_version=\u00bb4.27.4&#8243; _module_preset=\u00bbdefault\u00bb custom_padding=\u00bb||10px|||\u00bb min_height=\u00bb962.1px\u00bb custom_margin=\u00bb-25px|||||\u00bb][et_pb_row _builder_version=\u00bb4.27.4&#8243; _module_preset=\u00bbdefault\u00bb theme_builder_area=\u00bbpost_content\u00bb hover_enabled=\u00bb0&#8243; sticky_enabled=\u00bb0&#8243; custom_margin=\u00bb-46px|auto||auto||\u00bb][et_pb_column _builder_version=\u00bb4.27.4&#8243; _module_preset=\u00bbdefault\u00bb type=\u00bb4_4&#8243; theme_builder_area=\u00bbpost_content\u00bb hover_enabled=\u00bb0&#8243; sticky_enabled=\u00bb0&#8243;][et_pb_text _builder_version=\u00bb4.27.4&#8243; _module_preset=\u00bbdefault\u00bb theme_builder_area=\u00bbpost_content\u00bb hover_enabled=\u00bb0&#8243; sticky_enabled=\u00bb0&#8243;]<\/p>\n<h2 class=\"CDt4Ke zfr3Q\" dir=\"ltr\"><span class=\" KB0Tx\">\u00bfQu\u00e9 hacemos en Alaikiro?<\/span><\/h2>\n<p class=\"CDt4Ke zfr3Q\" dir=\"ltr\">Nos reunimos presencialmente para organizar las diferentes actividades y as\u00ed, trabajando en equipo, sacamos adelante el trabajo. Normalmente nos juntamos una tarde de cada mes.<\/p>\n<ul class=\"n8H08c UVNKR\">\n<li class=\"TYR86d zfr3Q\" dir=\"ltr\">\n<p class=\"CDt4Ke zfr3Q\" dir=\"ltr\">Actividades extraescolares los mi\u00e9rcoles<\/p>\n<\/li>\n<li class=\"TYR86d zfr3Q\" dir=\"ltr\">\n<p class=\"CDt4Ke zfr3Q\" dir=\"ltr\">Actividades en horario de comedor<\/p>\n<\/li>\n<li class=\"TYR86d zfr3Q\" dir=\"ltr\">\n<p class=\"CDt4Ke zfr3Q\" dir=\"ltr\">Escuela de padres y madres<\/p>\n<\/li>\n<li class=\"TYR86d zfr3Q\" dir=\"ltr\">\n<p class=\"CDt4Ke zfr3Q\" dir=\"ltr\">Actividades para l@s ni\u00f1@s<\/p>\n<\/li>\n<li class=\"TYR86d zfr3Q\" dir=\"ltr\">\n<p class=\"CDt4Ke zfr3Q\" dir=\"ltr\">Excursiones trimestrales<\/p>\n<\/li>\n<li class=\"TYR86d zfr3Q\" dir=\"ltr\">\n<p class=\"CDt4Ke zfr3Q\" dir=\"ltr\">Concurso de cuentos<\/p>\n<\/li>\n<li class=\"TYR86d zfr3Q\" dir=\"ltr\">\n<p class=\"CDt4Ke zfr3Q\" dir=\"ltr\">Txistorrada de Santo Tom\u00e1s<\/p>\n<\/li>\n<li class=\"TYR86d zfr3Q\" dir=\"ltr\">\n<p class=\"CDt4Ke zfr3Q\" dir=\"ltr\">Regalos de navidad<\/p>\n<\/li>\n<li class=\"TYR86d zfr3Q\" dir=\"ltr\">\n<p class=\"CDt4Ke zfr3Q\" dir=\"ltr\">Salida a cantar el d\u00eda 24 de diciembre<\/p>\n<\/li>\n<li class=\"TYR86d zfr3Q\" dir=\"ltr\">\n<p class=\"CDt4Ke zfr3Q\" dir=\"ltr\">Santa Ageda<\/p>\n<\/li>\n<li class=\"TYR86d zfr3Q\" dir=\"ltr\">\n<p class=\"CDt4Ke zfr3Q\" dir=\"ltr\">Autobuses de Carnavales<\/p>\n<\/li>\n<li class=\"TYR86d zfr3Q\" dir=\"ltr\">\n<p class=\"CDt4Ke zfr3Q\" dir=\"ltr\">Recuerdo para los alumnos de 6\u00ba<\/p>\n<\/li>\n<li class=\"TYR86d zfr3Q\" dir=\"ltr\">\n<p class=\"CDt4Ke zfr3Q\" dir=\"ltr\">Fiesta de fin de curso<\/p>\n<\/li>\n<\/ul>\n<p class=\"CDt4Ke zfr3Q\" dir=\"ltr\"><em>(* Las actividades pueden cambiar en funci\u00f3n de las circunstancias de cada a\u00f1o)<\/em><\/p>\n<h2 class=\"CjVfdc\"><span class=\" KB0Tx\">\u00bfQuieres colaborar con Alaikiro?<\/span><\/h2>\n<p class=\"CDt4Ke zfr3Q\" dir=\"ltr\">Tu ayuda es imprescindible para que Alaikiro funcione. Entre tod@s podemos trabajar mejor y preparar m\u00e1s actividades para l@s ni\u00f1@s y familias. \u00a1An\u00edmate y contacta con nosotr@s!\u00a0<a class=\"XqQF9c rXJpyf\" href=\"mailto:alaikirogurasoelkartea@gmail.com\" target=\"_blank\" rel=\"noopener\">alaikirogurasoelkartea@gmail.com<\/a>\u00a0o mediante nuestras redes sociales.<\/p>\n<p dir=\"ltr\">\n<h2 class=\"CDt4Ke zfr3Q\" dir=\"ltr\"><span class=\" KB0Tx\">Redes Sociales de Alaikiro<\/span><\/h2>\n<p class=\"CDt4Ke zfr3Q\" dir=\"ltr\">Aqu\u00ed encontrar\u00e1s informaci\u00f3n actualizada de todas nuestras actividades y otros temas de inter\u00e9s para las familias. \u00a1Estamos en Facebook e Instagram! Pincha en el icono y vis\u00edtanos. \u00a1An\u00edmate a seguirnos, a comentar y a compartir!<\/p>\n<p>[\/et_pb_text][\/et_pb_column][\/et_pb_row][et_pb_row _builder_version=\u00bb4.27.4&#8243; _module_preset=\u00bbdefault\u00bb column_structure=\u00bb1_2,1_2&#8243; theme_builder_area=\u00bbpost_content\u00bb custom_padding=\u00bb|803px||||\u00bb width=\u00bb84.9%\u00bb][et_pb_column _builder_version=\u00bb4.27.4&#8243; _module_preset=\u00bbdefault\u00bb type=\u00bb1_2&#8243; theme_builder_area=\u00bbpost_content\u00bb][et_pb_image src=\u00bbhttps:\/\/tokialai.eus\/wp-content\/uploads\/2023\/01\/facebook.png\u00bb _builder_version=\u00bb4.27.4&#8243; _module_preset=\u00bbdefault\u00bb theme_builder_area=\u00bbpost_content\u00bb title_text=\u00bbfacebook\u00bb url=\u00bbhttps:\/\/www.facebook.com\/alaikiro.gurasoelkartea\u00bb hover_enabled=\u00bb0&#8243; sticky_enabled=\u00bb0&#8243;][\/et_pb_image][\/et_pb_column][et_pb_column _builder_version=\u00bb4.27.4&#8243; _module_preset=\u00bbdefault\u00bb type=\u00bb1_2&#8243; theme_builder_area=\u00bbpost_content\u00bb][\/et_pb_column][\/et_pb_row][et_pb_row _builder_version=\u00bb4.27.4&#8243; _module_preset=\u00bbdefault\u00bb theme_builder_area=\u00bbpost_content\u00bb][et_pb_column _builder_version=\u00bb4.27.4&#8243; _module_preset=\u00bbdefault\u00bb type=\u00bb4_4&#8243; theme_builder_area=\u00bbpost_content\u00bb][et_pb_image src=\u00bbhttps:\/\/tokialai.eus\/wp-content\/uploads\/2023\/01\/Instagram-Logosu.png\u00bb _builder_version=\u00bb4.27.4&#8243; _module_preset=\u00bbdefault\u00bb theme_builder_area=\u00bbpost_content\u00bb title_text=\u00bbInstagram-Logosu\u00bb url=\u00bbhttps:\/\/www.instagram.com\/alaikiro\/\u00bb hover_enabled=\u00bb0&#8243; sticky_enabled=\u00bb0&#8243; custom_padding=\u00bb|882px||||\u00bb][\/et_pb_image][\/et_pb_column][\/et_pb_row][\/et_pb_section]<\/p>\n","protected":false},"excerpt":{"rendered":"<p>Alaikiro es la Asociaci\u00f3n de Madres y Padres de Toki-Alai que tiene como objetivos favorecer la participaci\u00f3n de las familias en el funcionamiento del centro, as\u00ed como organizar y costear diversas actividades, formar parte del consejo escolar y participar en otras comisiones de la escuela.\u00bfQu\u00e9 hacemos en Alaikiro? Nos reunimos presencialmente para organizar las diferentes<a class=\"moretag\" href=\"https:\/\/tokialai.eus\/es\/ep\/organizacion\/txoko-familias\/\">Irakurri gehiago<\/a><\/p>\n","protected":false},"author":1,"featured_media":2163,"parent":2454,"menu_order":0,"comment_status":"closed","ping_status":"closed","template":"template-lh-fullwidth.php","meta":{"_et_pb_use_builder":"on","_et_pb_old_content":"","_et_gb_content_width":"","footnotes":""},"wf_page_folders":[14],"class_list":["post-2459","page","type-page","status-publish","has-post-thumbnail","hentry"],"_links":{"self":[{"href":"https:\/\/tokialai.eus\/es\/wp-json\/wp\/v2\/pages\/2459","targetHints":{"allow":["GET"]}}],"collection":[{"href":"https:\/\/tokialai.eus\/es\/wp-json\/wp\/v2\/pages"}],"about":[{"href":"https:\/\/tokialai.eus\/es\/wp-json\/wp\/v2\/types\/page"}],"author":[{"embeddable":true,"href":"https:\/\/tokialai.eus\/es\/wp-json\/wp\/v2\/users\/1"}],"replies":[{"embeddable":true,"href":"https:\/\/tokialai.eus\/es\/wp-json\/wp\/v2\/comments?post=2459"}],"version-history":[{"count":5,"href":"https:\/\/tokialai.eus\/es\/wp-json\/wp\/v2\/pages\/2459\/revisions"}],"predecessor-version":[{"id":8760,"href":"https:\/\/tokialai.eus\/es\/wp-json\/wp\/v2\/pages\/2459\/revisions\/8760"}],"up":[{"embeddable":true,"href":"https:\/\/tokialai.eus\/es\/wp-json\/wp\/v2\/pages\/2454"}],"wp:featuredmedia":[{"embeddable":true,"href":"https:\/\/tokialai.eus\/es\/wp-json\/wp\/v2\/media\/2163"}],"wp:attachment":[{"href":"https:\/\/tokialai.eus\/es\/wp-json\/wp\/v2\/media?parent=2459"}],"wp:term":[{"taxonomy":"wf_page_folders","embeddable":true,"href":"https:\/\/tokialai.eus\/es\/wp-json\/wp\/v2\/wf_page_folders?post=2459"}],"curies":[{"name":"wp","href":"https:\/\/api.w.org\/{rel}","templated":true}]}}