{"id":2420,"date":"2022-06-24T21:08:49","date_gmt":"2022-06-24T19:08:49","guid":{"rendered":"https:\/\/tokialai.eus\/ei-palmera-txoko-familias\/"},"modified":"2023-01-23T16:26:42","modified_gmt":"2023-01-23T15:26:42","slug":"txoko-familias","status":"publish","type":"page","link":"https:\/\/tokialai.eus\/es\/ei\/palmera\/organizacion\/txoko-familias\/","title":{"rendered":"EI PALMERA TXOKO FAMILIAS"},"content":{"rendered":"<p>[et_pb_section fb_built=\u00bb1&#8243; _builder_version=\u00bb4.16.1&#8243; _module_preset=\u00bbdefault\u00bb custom_margin=\u00bb||5%||false|false\u00bb global_colors_info=\u00bb{}\u00bb theme_builder_area=\u00bbpost_content\u00bb][et_pb_row column_structure=\u00bb2_5,3_5&#8243; _builder_version=\u00bb4.16.1&#8243; _module_preset=\u00bbdefault\u00bb global_colors_info=\u00bb{}\u00bb theme_builder_area=\u00bbpost_content\u00bb][et_pb_column type=\u00bb2_5&#8243; _builder_version=\u00bb4.16.1&#8243; _module_preset=\u00bbdefault\u00bb global_colors_info=\u00bb{}\u00bb theme_builder_area=\u00bbpost_content\u00bb][et_pb_image src=\u00bbhttps:\/\/tokialai.eus\/wp-content\/uploads\/2023\/01\/alaikiro.jpg\u00bb alt=\u00bbEl rinc\u00f3n de las familias\u00bb title_text=\u00bbalaikiro\u00bb _builder_version=\u00bb4.18.1&#8243; _module_preset=\u00bbdefault\u00bb global_colors_info=\u00bb{}\u00bb theme_builder_area=\u00bbpost_content\u00bb][\/et_pb_image][\/et_pb_column][et_pb_column type=\u00bb3_5&#8243; _builder_version=\u00bb4.16.1&#8243; _module_preset=\u00bbdefault\u00bb global_colors_info=\u00bb{}\u00bb theme_builder_area=\u00bbpost_content\u00bb][et_pb_text admin_label=\u00bbALAIKIRO GURASO ELKARTEA\u00bb _builder_version=\u00bb4.18.1&#8243; _module_preset=\u00bbdefault\u00bb header_2_text_color=\u00bb#252850&#8243; custom_padding=\u00bb20px|20px|20px|20px|true|true\u00bb locked=\u00bboff\u00bb global_colors_info=\u00bb{}\u00bb theme_builder_area=\u00bbpost_content\u00bb]<\/p>\n<p>Alaikiro es la Asociaci\u00f3n de Madres y Padres de Toki-Alai que tiene como objetivos favorecer la participaci\u00f3n de las familias en el funcionamiento del centro, as\u00ed como organizar y costear diversas actividades, formar parte del consejo escolar y participar en otras comisiones de la escuela.<\/p>\n<p>[\/et_pb_text][\/et_pb_column][\/et_pb_row][et_pb_row _builder_version=\u00bb4.17.4&#8243; _module_preset=\u00bbdefault\u00bb locked=\u00bboff\u00bb global_colors_info=\u00bb{}\u00bb theme_builder_area=\u00bbpost_content\u00bb][et_pb_column type=\u00bb4_4&#8243; _builder_version=\u00bb4.17.4&#8243; _module_preset=\u00bbdefault\u00bb global_colors_info=\u00bb{}\u00bb theme_builder_area=\u00bbpost_content\u00bb][et_pb_text _builder_version=\u00bb4.18.1&#8243; _module_preset=\u00bbdefault\u00bb global_colors_info=\u00bb{}\u00bb theme_builder_area=\u00bbpost_content\u00bb]<\/p>\n<h2 class=\"CDt4Ke zfr3Q\" dir=\"ltr\"><span class=\" KB0Tx\">\u00bfQu\u00e9 hacemos en Alaikiro?<\/span><\/h2>\n<p class=\"CDt4Ke zfr3Q\" dir=\"ltr\">Nos reunimos presencialmente para organizar las diferentes actividades y as\u00ed, trabajando en equipo, sacamos adelante el trabajo. Normalmente nos juntamos una tarde de cada mes.<\/p>\n<ul class=\"n8H08c UVNKR\">\n<li class=\"TYR86d zfr3Q\" dir=\"ltr\">\n<p class=\"CDt4Ke zfr3Q\" dir=\"ltr\">Actividades extraescolares los mi\u00e9rcoles<\/p>\n<\/li>\n<li class=\"TYR86d zfr3Q\" dir=\"ltr\">\n<p class=\"CDt4Ke zfr3Q\" dir=\"ltr\">Actividades en horario de comedor<\/p>\n<\/li>\n<li class=\"TYR86d zfr3Q\" dir=\"ltr\">\n<p class=\"CDt4Ke zfr3Q\" dir=\"ltr\">Escuela de padres y madres<\/p>\n<\/li>\n<li class=\"TYR86d zfr3Q\" dir=\"ltr\">\n<p class=\"CDt4Ke zfr3Q\" dir=\"ltr\">Actividades para l@s ni\u00f1@s<\/p>\n<\/li>\n<li class=\"TYR86d zfr3Q\" dir=\"ltr\">\n<p class=\"CDt4Ke zfr3Q\" dir=\"ltr\">Excursiones trimestrales<\/p>\n<\/li>\n<li class=\"TYR86d zfr3Q\" dir=\"ltr\">\n<p class=\"CDt4Ke zfr3Q\" dir=\"ltr\">Concurso de cuentos<\/p>\n<\/li>\n<li class=\"TYR86d zfr3Q\" dir=\"ltr\">\n<p class=\"CDt4Ke zfr3Q\" dir=\"ltr\">Txistorrada de Santo Tom\u00e1s<\/p>\n<\/li>\n<li class=\"TYR86d zfr3Q\" dir=\"ltr\">\n<p class=\"CDt4Ke zfr3Q\" dir=\"ltr\">Regalos de navidad<\/p>\n<\/li>\n<li class=\"TYR86d zfr3Q\" dir=\"ltr\">\n<p class=\"CDt4Ke zfr3Q\" dir=\"ltr\">Salida a cantar el d\u00eda 24 de diciembre<\/p>\n<\/li>\n<li class=\"TYR86d zfr3Q\" dir=\"ltr\">\n<p class=\"CDt4Ke zfr3Q\" dir=\"ltr\">Santa Ageda<\/p>\n<\/li>\n<li class=\"TYR86d zfr3Q\" dir=\"ltr\">\n<p class=\"CDt4Ke zfr3Q\" dir=\"ltr\">Autobuses de Carnavales<\/p>\n<\/li>\n<li class=\"TYR86d zfr3Q\" dir=\"ltr\">\n<p class=\"CDt4Ke zfr3Q\" dir=\"ltr\">Recuerdo para los alumnos de 6\u00ba<\/p>\n<\/li>\n<li class=\"TYR86d zfr3Q\" dir=\"ltr\">\n<p class=\"CDt4Ke zfr3Q\" dir=\"ltr\">Excursi\u00f3n de fin de curso<\/p>\n<\/li>\n<li class=\"TYR86d zfr3Q\" dir=\"ltr\">\n<p class=\"CDt4Ke zfr3Q\" dir=\"ltr\">Salida al PIN<\/p>\n<\/li>\n<li class=\"TYR86d zfr3Q\" dir=\"ltr\">\n<p class=\"CDt4Ke zfr3Q\" dir=\"ltr\">Fiesta de fin de curso<\/p>\n<\/li>\n<\/ul>\n<p class=\"CDt4Ke zfr3Q\" dir=\"ltr\"><em>(* Las actividades pueden cambiar en funci\u00f3n de las circunstancias de cada a\u00f1o)<\/em><\/p>\n<h2 class=\"CjVfdc\"><span class=\" KB0Tx\">\u00bfQuieres colaborar con Alaikiro?<\/span><\/h2>\n<p class=\"CDt4Ke zfr3Q\" dir=\"ltr\">Tu ayuda es imprescindible para que Alaikiro funcione. Entre tod@s podemos trabajar mejor y preparar m\u00e1s actividades para l@s ni\u00f1@s y familias. \u00a1An\u00edmate y contacta con nosotr@s!\u00a0<a class=\"XqQF9c rXJpyf\" href=\"mailto:alaikirogurasoelkartea@gmail.com\" target=\"_blank\" rel=\"noopener\">alaikirogurasoelkartea@gmail.com<\/a>\u00a0o mediante nuestras redes sociales.<\/p>\n<p dir=\"ltr\">\u00a0<\/p>\n<h2 class=\"CDt4Ke zfr3Q\" dir=\"ltr\"><span class=\" KB0Tx\">Redes Sociales de Alaikiro<\/span><\/h2>\n<p class=\"CDt4Ke zfr3Q\" dir=\"ltr\">Aqu\u00ed encontrar\u00e1s informaci\u00f3n actualizada de todas nuestras actividades y otros temas de inter\u00e9s para las familias. \u00a1Estamos en Facebook e Instagram! Pincha en el icono y vis\u00edtanos. \u00a1An\u00edmate a seguirnos, a comentar y a compartir!<\/p>\n<p dir=\"ltr\">\u00a0<\/p>\n<p dir=\"ltr\"><a href=\"https:\/\/www.facebook.com\/alaikiro.gurasoelkartea\" target=\"_blank\" rel=\"noopener\"><img loading=\"lazy\" decoding=\"async\" class=\"wp-image-4615 alignnone alignleft\" src=\"https:\/\/tokialai.eus\/wp-content\/uploads\/2023\/01\/facebook.png\" alt=\"\" width=\"89\" height=\"89\" srcset=\"https:\/\/tokialai.eus\/wp-content\/uploads\/2023\/01\/facebook.png 225w, https:\/\/tokialai.eus\/wp-content\/uploads\/2023\/01\/facebook-150x150.png 150w\" sizes=\"(max-width: 89px) 100vw, 89px\" \/><\/a> <a href=\"https:\/\/www.instagram.com\/alaikiro\/\" target=\"_blank\" rel=\"noopener\"><img loading=\"lazy\" decoding=\"async\" class=\"wp-image-4613 alignnone alignleft\" src=\"https:\/\/tokialai.eus\/wp-content\/uploads\/2023\/01\/Instagram-Logosu-300x169.png\" alt=\"\" width=\"166\" height=\"94\" srcset=\"https:\/\/tokialai.eus\/wp-content\/uploads\/2023\/01\/Instagram-Logosu-300x169.png 300w, https:\/\/tokialai.eus\/wp-content\/uploads\/2023\/01\/Instagram-Logosu-1024x576.png 1024w, https:\/\/tokialai.eus\/wp-content\/uploads\/2023\/01\/Instagram-Logosu-768x432.png 768w, https:\/\/tokialai.eus\/wp-content\/uploads\/2023\/01\/Instagram-Logosu-1536x864.png 1536w, https:\/\/tokialai.eus\/wp-content\/uploads\/2023\/01\/Instagram-Logosu-2048x1152.png 2048w, https:\/\/tokialai.eus\/wp-content\/uploads\/2023\/01\/Instagram-Logosu-1080x608.png 1080w\" sizes=\"(max-width: 166px) 100vw, 166px\" \/><\/a><\/p>\n<p dir=\"ltr\">\u00a0<\/p>\n<p>[\/et_pb_text][\/et_pb_column][\/et_pb_row][\/et_pb_section]<\/p>\n","protected":false},"excerpt":{"rendered":"<p>Alaikiro es la Asociaci\u00f3n de Madres y Padres de Toki-Alai que tiene como objetivos favorecer la participaci\u00f3n de las familias en el funcionamiento del centro, as\u00ed como organizar y costear diversas actividades, formar parte del consejo escolar y participar en otras comisiones de la escuela.\u00bfQu\u00e9 hacemos en Alaikiro? Nos reunimos presencialmente para organizar las diferentes<a class=\"moretag\" href=\"https:\/\/tokialai.eus\/es\/ei\/palmera\/organizacion\/txoko-familias\/\">Irakurri gehiago<\/a><\/p>\n","protected":false},"author":1,"featured_media":2214,"parent":2445,"menu_order":0,"comment_status":"closed","ping_status":"closed","template":"template-hh-fullwidth.php","meta":{"_et_pb_use_builder":"on","_et_pb_old_content":"","_et_gb_content_width":"","footnotes":""},"wf_page_folders":[19],"class_list":["post-2420","page","type-page","status-publish","has-post-thumbnail","hentry"],"_links":{"self":[{"href":"https:\/\/tokialai.eus\/es\/wp-json\/wp\/v2\/pages\/2420","targetHints":{"allow":["GET"]}}],"collection":[{"href":"https:\/\/tokialai.eus\/es\/wp-json\/wp\/v2\/pages"}],"about":[{"href":"https:\/\/tokialai.eus\/es\/wp-json\/wp\/v2\/types\/page"}],"author":[{"embeddable":true,"href":"https:\/\/tokialai.eus\/es\/wp-json\/wp\/v2\/users\/1"}],"replies":[{"embeddable":true,"href":"https:\/\/tokialai.eus\/es\/wp-json\/wp\/v2\/comments?post=2420"}],"version-history":[{"count":3,"href":"https:\/\/tokialai.eus\/es\/wp-json\/wp\/v2\/pages\/2420\/revisions"}],"predecessor-version":[{"id":4627,"href":"https:\/\/tokialai.eus\/es\/wp-json\/wp\/v2\/pages\/2420\/revisions\/4627"}],"up":[{"embeddable":true,"href":"https:\/\/tokialai.eus\/es\/wp-json\/wp\/v2\/pages\/2445"}],"wp:featuredmedia":[{"embeddable":true,"href":"https:\/\/tokialai.eus\/es\/wp-json\/wp\/v2\/media\/2214"}],"wp:attachment":[{"href":"https:\/\/tokialai.eus\/es\/wp-json\/wp\/v2\/media?parent=2420"}],"wp:term":[{"taxonomy":"wf_page_folders","embeddable":true,"href":"https:\/\/tokialai.eus\/es\/wp-json\/wp\/v2\/wf_page_folders?post=2420"}],"curies":[{"name":"wp","href":"https:\/\/api.w.org\/{rel}","templated":true}]}}