{"id":2370,"date":"2022-06-24T20:50:48","date_gmt":"2022-06-24T18:50:48","guid":{"rendered":"https:\/\/tokialai.eus\/educacion-infantil\/ei-arbes\/ei-arbes-proiektuak\/ei-arbes-espacio-exterior\/ei-arbes-huerto\/"},"modified":"2022-06-24T22:16:25","modified_gmt":"2022-06-24T20:16:25","slug":"huerto","status":"publish","type":"page","link":"https:\/\/tokialai.eus\/es\/ei\/arbes\/proyectos\/espacio-exterior\/huerto\/","title":{"rendered":"EI ARBES HUERTO"},"content":{"rendered":"<p>[et_pb_section fb_built=\u00bb1&#8243; _builder_version=\u00bb4.16&#8243; custom_margin=\u00bb0px||||false|false\u00bb custom_padding=\u00bb0px||||false|false\u00bb locked=\u00bboff\u00bb global_colors_info=\u00bb{}\u00bb][et_pb_row _builder_version=\u00bb4.17.4&#8243; _module_preset=\u00bbdefault\u00bb global_colors_info=\u00bb{}\u00bb][et_pb_column type=\u00bb4_4&#8243; _builder_version=\u00bb4.17.4&#8243; _module_preset=\u00bbdefault\u00bb global_colors_info=\u00bb{}\u00bb][et_pb_divider show_divider=\u00bboff\u00bb _builder_version=\u00bb4.17.4&#8243; _module_preset=\u00bbdefault\u00bb global_colors_info=\u00bb{}\u00bb][\/et_pb_divider][\/et_pb_column][\/et_pb_row][et_pb_row _builder_version=\u00bb4.16&#8243; global_colors_info=\u00bb{}\u00bb][et_pb_column type=\u00bb4_4&#8243; _builder_version=\u00bb4.16&#8243; global_colors_info=\u00bb{}\u00bb][et_pb_text _builder_version=\u00bb4.17.4&#8243; _module_preset=\u00bbdefault\u00bb header_2_text_color=\u00bb#38761d\u00bb global_colors_info=\u00bb{}\u00bb]<\/p>\n<h2 class=\"CjVfdc\"><span class=\" CGqCRe\">HUERTO-ESCOLAR ECOL\u00d3GICO<\/span><\/h2>\n<p>[\/et_pb_text][et_pb_testimonial author=\u00bbHeike Freire\u00bb _builder_version=\u00bb4.17.4&#8243; _module_preset=\u00bbdefault\u00bb text_orientation=\u00bbcenter\u00bb global_colors_info=\u00bb{}\u00bb]<\/p>\n<p class=\"CDt4Ke zfr3Q\" dir=\"ltr\"><em>\u00abEn educaci\u00f3n es necesario estar en contacto con la naturaleza\u201d <\/em><\/p>\n<p>[\/et_pb_testimonial][\/et_pb_column][\/et_pb_row][et_pb_row column_structure=\u00bb1_2,1_2&#8243; _builder_version=\u00bb4.17.4&#8243; _module_preset=\u00bbdefault\u00bb global_colors_info=\u00bb{}\u00bb][et_pb_column type=\u00bb1_2&#8243; _builder_version=\u00bb4.17.4&#8243; _module_preset=\u00bbdefault\u00bb global_colors_info=\u00bb{}\u00bb][et_pb_text _builder_version=\u00bb4.17.4&#8243; _module_preset=\u00bbdefault\u00bb header_2_text_color=\u00bb#252850&#8243; global_colors_info=\u00bb{}\u00bb]<\/p>\n<p class=\"CDt4Ke zfr3Q\" dir=\"ltr\">El huerto escolar es un excelente recurso para que los alumnos vivan diferentes experiencias sobre su medio natural y humano: cuidado del medio ambiente, fomento de actitudes de preocupaci\u00f3n por el medio ambiente y puesta en pr\u00e1ctica de h\u00e1bitos.<\/p>\n<p>Algunos de los objetivos de la utilizaci\u00f3n del huerto escolar ecol\u00f3gico son:<\/p>\n<ul>\n<li>Facilitar el desarrollo de metodolog\u00edas innovadoras. Metodolog\u00eda basada en la investigaci\u00f3n, proyectos o resoluci\u00f3n de problemas, entre otros.<\/li>\n<li>Promover la participaci\u00f3n de toda la comunidad educativa. Todos los participantes interiorizando diferentes valores y conocimientos, poniendo en pr\u00e1ctica h\u00e1bitos o actitudes de cuidado y responsabilidad del medio ambiente.<\/li>\n<li>Facilitar el aprendizaje significativo a trav\u00e9s de experiencias y vivencias en el huerto escolar.<\/li>\n<li>En Educaci\u00f3n Infantil comenzamos los primeros inicios en el huerto escolar ecol\u00f3gico en el curso 2020-2021. Para ello utilizamos un trozo de tierra que est\u00e1 en el espacio exterior, por ejemplo para plantar tomates y fresas. En el curso 2021-2022 plantamos varias plantas.<\/li>\n<\/ul>\n<p>&nbsp;[\/et_pb_text][\/et_pb_column][et_pb_column type=\u00bb1_2&#8243; _builder_version=\u00bb4.17.4&#8243; _module_preset=\u00bbdefault\u00bb global_colors_info=\u00bb{}\u00bb][et_pb_gallery gallery_ids=\u00bb1689,1690,1691,1692,1728,1729,1695,1696,1697,1698,1699,1700,1701,1702,1703&#8243; fullwidth=\u00bbon\u00bb _builder_version=\u00bb4.17.4&#8243; _module_preset=\u00bbdefault\u00bb auto=\u00bbon\u00bb auto_speed=\u00bb3000&#8243; border_width_all=\u00bb1px\u00bb border_color_all=\u00bb#a63476&#8243; global_colors_info=\u00bb{}\u00bb][\/et_pb_gallery][\/et_pb_column][\/et_pb_row][et_pb_row _builder_version=\u00bb4.17.4&#8243; _module_preset=\u00bbdefault\u00bb global_colors_info=\u00bb{}\u00bb][et_pb_column type=\u00bb4_4&#8243; _builder_version=\u00bb4.17.4&#8243; _module_preset=\u00bbdefault\u00bb global_colors_info=\u00bb{}\u00bb][et_pb_divider show_divider=\u00bboff\u00bb _builder_version=\u00bb4.17.4&#8243; _module_preset=\u00bbdefault\u00bb global_colors_info=\u00bb{}\u00bb][\/et_pb_divider][\/et_pb_column][\/et_pb_row][\/et_pb_section]<\/p>\n","protected":false},"excerpt":{"rendered":"<p>HUERTO-ESCOLAR ECOL\u00d3GICO\u00bbEn educaci\u00f3n es necesario estar en contacto con la naturaleza\u201d El huerto escolar es un excelente recurso para que los alumnos vivan diferentes experiencias sobre su medio natural y humano: cuidado del medio ambiente, fomento de actitudes de preocupaci\u00f3n por el medio ambiente y puesta en pr\u00e1ctica de h\u00e1bitos. Algunos de los objetivos de<a class=\"moretag\" href=\"https:\/\/tokialai.eus\/es\/ei\/arbes\/proyectos\/espacio-exterior\/huerto\/\">Irakurri gehiago<\/a><\/p>\n","protected":false},"author":1,"featured_media":2180,"parent":2367,"menu_order":0,"comment_status":"closed","ping_status":"closed","template":"template-hh-fullwidth.php","meta":{"_et_pb_use_builder":"on","_et_pb_old_content":"","_et_gb_content_width":"","footnotes":""},"wf_page_folders":[20],"class_list":["post-2370","page","type-page","status-publish","has-post-thumbnail","hentry"],"_links":{"self":[{"href":"https:\/\/tokialai.eus\/es\/wp-json\/wp\/v2\/pages\/2370","targetHints":{"allow":["GET"]}}],"collection":[{"href":"https:\/\/tokialai.eus\/es\/wp-json\/wp\/v2\/pages"}],"about":[{"href":"https:\/\/tokialai.eus\/es\/wp-json\/wp\/v2\/types\/page"}],"author":[{"embeddable":true,"href":"https:\/\/tokialai.eus\/es\/wp-json\/wp\/v2\/users\/1"}],"replies":[{"embeddable":true,"href":"https:\/\/tokialai.eus\/es\/wp-json\/wp\/v2\/comments?post=2370"}],"version-history":[{"count":2,"href":"https:\/\/tokialai.eus\/es\/wp-json\/wp\/v2\/pages\/2370\/revisions"}],"predecessor-version":[{"id":2372,"href":"https:\/\/tokialai.eus\/es\/wp-json\/wp\/v2\/pages\/2370\/revisions\/2372"}],"up":[{"embeddable":true,"href":"https:\/\/tokialai.eus\/es\/wp-json\/wp\/v2\/pages\/2367"}],"wp:featuredmedia":[{"embeddable":true,"href":"https:\/\/tokialai.eus\/es\/wp-json\/wp\/v2\/media\/2180"}],"wp:attachment":[{"href":"https:\/\/tokialai.eus\/es\/wp-json\/wp\/v2\/media?parent=2370"}],"wp:term":[{"taxonomy":"wf_page_folders","embeddable":true,"href":"https:\/\/tokialai.eus\/es\/wp-json\/wp\/v2\/wf_page_folders?post=2370"}],"curies":[{"name":"wp","href":"https:\/\/api.w.org\/{rel}","templated":true}]}}