{"id":2355,"date":"2022-06-24T20:42:34","date_gmt":"2022-06-24T18:42:34","guid":{"rendered":"https:\/\/tokialai.eus\/educacion-infantil\/ei-arbes\/"},"modified":"2024-01-19T16:20:42","modified_gmt":"2024-01-19T15:20:42","slug":"arbes","status":"publish","type":"page","link":"https:\/\/tokialai.eus\/es\/ei\/arbes\/","title":{"rendered":"EI ARBES"},"content":{"rendered":"<p>[et_pb_section fb_built=\u00bb1&#8243; admin_label=\u00bbsection\u00bb _builder_version=\u00bb4.16&#8243; global_colors_info=\u00bb{}\u00bb][et_pb_row column_structure=\u00bb1_2,1_2&#8243; _builder_version=\u00bb4.18.1&#8243; _module_preset=\u00bbdefault\u00bb global_colors_info=\u00bb{}\u00bb][et_pb_column type=\u00bb1_2&#8243; _builder_version=\u00bb4.18.1&#8243; _module_preset=\u00bbdefault\u00bb global_colors_info=\u00bb{}\u00bb][et_pb_text _builder_version=\u00bb4.18.1&#8243; _module_preset=\u00bbdefault\u00bb global_colors_info=\u00bb{}\u00bb]<\/p>\n<h2><strong>Bienvenidos\/as a Toki Alai Arbes<\/strong><\/h2>\n<p>El edificio de Arbes alberga a los alumnos y alumnas de 3, 4 y 5 a\u00f1os. El colegio tiene capacidad para 9 aulas en total y 3 aulas de cada edad. El edificio tambi\u00e9n cuenta con aula de psicomotricidad, un amplio patio, una zona verde y biblioteca infantil.<\/p>\n<p>&nbsp;<\/p>\n<p>[\/et_pb_text][\/et_pb_column][et_pb_column type=\u00bb1_2&#8243; _builder_version=\u00bb4.18.1&#8243; _module_preset=\u00bbdefault\u00bb global_colors_info=\u00bb{}\u00bb][et_pb_video src=\u00bbhttps:\/\/tokialai.eus\/wp-content\/uploads\/2022\/06\/TokiAlai_Arbes_Bideoa.mp4&#8243; image_src=\u00bbhttps:\/\/tokialai.eus\/wp-content\/uploads\/2024\/01\/UN_DIA_EN_ARBES_GIF_THUMBNAIL_WEB.gif\u00bb _builder_version=\u00bb4.23.4&#8243; _module_preset=\u00bbdefault\u00bb hover_enabled=\u00bb0&#8243; global_colors_info=\u00bb{}\u00bb title_text=\u00bbUN_DIA_EN_ARBES_GIF_THUMBNAIL_WEB\u00bb sticky_enabled=\u00bb0&#8243;][\/et_pb_video][\/et_pb_column][\/et_pb_row][et_pb_row admin_label=\u00bbrow\u00bb _builder_version=\u00bb4.16&#8243; background_size=\u00bbinitial\u00bb background_position=\u00bbtop_left\u00bb background_repeat=\u00bbrepeat\u00bb global_colors_info=\u00bb{}\u00bb][et_pb_column type=\u00bb4_4&#8243; _builder_version=\u00bb4.16&#8243; custom_padding=\u00bb|||\u00bb global_colors_info=\u00bb{}\u00bb custom_padding__hover=\u00bb|||\u00bb][et_pb_text admin_label=\u00bbText\u00bb _builder_version=\u00bb4.17.4&#8243; _module_preset=\u00bbdefault\u00bb global_colors_info=\u00bb{}\u00bb]<\/p>\n<h2><strong>\u00daLTIMAS NOTICIAS<\/strong><\/h2>\n<p>[\/et_pb_text][et_pb_blog fullwidth=\u00bboff\u00bb posts_number=\u00bb6&#8243; include_categories=\u00bb8&#8243; excerpt_length=\u00bb150&#8243; _builder_version=\u00bb4.17.4&#8243; _module_preset=\u00bbdefault\u00bb global_colors_info=\u00bb{}\u00bb][\/et_pb_blog][\/et_pb_column][\/et_pb_row][\/et_pb_section]<\/p>\n","protected":false},"excerpt":{"rendered":"<p>Bienvenidos\/as a Toki Alai Arbes El edificio de Arbes alberga a los alumnos y alumnas de 3, 4 y 5 a\u00f1os. El colegio tiene capacidad para 9 aulas en total y 3 aulas de cada edad. El edificio tambi\u00e9n cuenta con aula de psicomotricidad, un amplio patio, una zona verde y biblioteca infantil. &nbsp;\u00daLTIMAS NOTICIAS<\/p>\n","protected":false},"author":1,"featured_media":2907,"parent":2222,"menu_order":0,"comment_status":"closed","ping_status":"closed","template":"template-hh-fullwidth.php","meta":{"_et_pb_use_builder":"on","_et_pb_old_content":"","_et_gb_content_width":"","footnotes":""},"wf_page_folders":[20],"class_list":["post-2355","page","type-page","status-publish","has-post-thumbnail","hentry"],"_links":{"self":[{"href":"https:\/\/tokialai.eus\/es\/wp-json\/wp\/v2\/pages\/2355","targetHints":{"allow":["GET"]}}],"collection":[{"href":"https:\/\/tokialai.eus\/es\/wp-json\/wp\/v2\/pages"}],"about":[{"href":"https:\/\/tokialai.eus\/es\/wp-json\/wp\/v2\/types\/page"}],"author":[{"embeddable":true,"href":"https:\/\/tokialai.eus\/es\/wp-json\/wp\/v2\/users\/1"}],"replies":[{"embeddable":true,"href":"https:\/\/tokialai.eus\/es\/wp-json\/wp\/v2\/comments?post=2355"}],"version-history":[{"count":36,"href":"https:\/\/tokialai.eus\/es\/wp-json\/wp\/v2\/pages\/2355\/revisions"}],"predecessor-version":[{"id":6737,"href":"https:\/\/tokialai.eus\/es\/wp-json\/wp\/v2\/pages\/2355\/revisions\/6737"}],"up":[{"embeddable":true,"href":"https:\/\/tokialai.eus\/es\/wp-json\/wp\/v2\/pages\/2222"}],"wp:featuredmedia":[{"embeddable":true,"href":"https:\/\/tokialai.eus\/es\/wp-json\/wp\/v2\/media\/2907"}],"wp:attachment":[{"href":"https:\/\/tokialai.eus\/es\/wp-json\/wp\/v2\/media?parent=2355"}],"wp:term":[{"taxonomy":"wf_page_folders","embeddable":true,"href":"https:\/\/tokialai.eus\/es\/wp-json\/wp\/v2\/wf_page_folders?post=2355"}],"curies":[{"name":"wp","href":"https:\/\/api.w.org\/{rel}","templated":true}]}}