{"id":2298,"date":"2022-06-24T19:00:50","date_gmt":"2022-06-24T17:00:50","guid":{"rendered":"https:\/\/tokialai.eus\/eso\/eso-servicios\/"},"modified":"2022-06-24T22:20:46","modified_gmt":"2022-06-24T20:20:46","slug":"servicios","status":"publish","type":"page","link":"https:\/\/tokialai.eus\/es\/eso\/servicios\/","title":{"rendered":"ESO SERVICIOS"},"content":{"rendered":"<p>[et_pb_section fb_built=\u00bb1&#8243; _builder_version=\u00bb4.16.1&#8243; _module_preset=\u00bbdefault\u00bb global_colors_info=\u00bb{}\u00bb][et_pb_row _builder_version=\u00bb4.16.1&#8243; _module_preset=\u00bbdefault\u00bb global_colors_info=\u00bb{}\u00bb][et_pb_column type=\u00bb4_4&#8243; _builder_version=\u00bb4.16.1&#8243; _module_preset=\u00bbdefault\u00bb global_colors_info=\u00bb{}\u00bb][et_pb_text _builder_version=\u00bb4.17.4&#8243; _module_preset=\u00bbdefault\u00bb header_2_text_color=\u00bb#252850&#8243; custom_padding=\u00bb20px|20px|20px|20px|true|true\u00bb global_colors_info=\u00bb{}\u00bb]<\/p>\n<h2>SERVICIOS<\/h2>\n<p>El proyecto Toki-Alai naci\u00f3 para ofrecer una oferta global a la ciudad de Irun; junto con la oferta educativa que tenemos, tambi\u00e9n queremos ofrecer servicios de calidad y por eso cuidamos especialmente la atenci\u00f3n continua con las familias de los alumnos, el transporte con diecisiete paradas, el servicio a mil personas en los cuatro comedores, la biblioteca, la mediateca, la amplia oferta de actividades complementarias y las actividades extraescolares.<\/p>\n<p>[\/et_pb_text][\/et_pb_column][\/et_pb_row][et_pb_row column_structure=\u00bb1_5,1_5,1_5,1_5,1_5&#8243; use_custom_gutter=\u00bbon\u00bb gutter_width=\u00bb1&#8243; make_equal=\u00bbon\u00bb _builder_version=\u00bb4.17.4&#8243; _module_preset=\u00bbdefault\u00bb width=\u00bb100%\u00bb max_width=\u00bb1920px\u00bb custom_margin=\u00bb|0px||0px|false|false\u00bb custom_padding=\u00bb|0px||0px|false|false\u00bb global_colors_info=\u00bb{}\u00bb][et_pb_column type=\u00bb1_5&#8243; _builder_version=\u00bb4.17.4&#8243; _module_preset=\u00bbdefault\u00bb background_color=\u00bb#252850&#8243; global_colors_info=\u00bb{}\u00bb][et_pb_button button_url=\u00bbhttps:\/\/tokialai.eus\/dbh\/zerbitzuak\/garraioa\/\u00bb button_text=\u00bbTRANSPORTE\u00bb button_alignment=\u00bbcenter\u00bb _builder_version=\u00bb4.17.4&#8243; _module_preset=\u00bbdefault\u00bb custom_button=\u00bbon\u00bb button_text_color=\u00bb#FFFFFF\u00bb button_bg_color=\u00bb#252850&#8243; custom_padding=\u00bb20px|20px|20px|20px|true|true\u00bb global_colors_info=\u00bb{}\u00bb][\/et_pb_button][\/et_pb_column][et_pb_column type=\u00bb1_5&#8243; _builder_version=\u00bb4.17.4&#8243; _module_preset=\u00bbdefault\u00bb background_color=\u00bb#252850&#8243; global_colors_info=\u00bb{}\u00bb][et_pb_button button_url=\u00bbhttps:\/\/tokialai.eus\/dbh\/zerbitzuak\/jangela\/\u00bb button_text=\u00bbCOMEDOR\u00bb button_alignment=\u00bbcenter\u00bb _builder_version=\u00bb4.17.4&#8243; _module_preset=\u00bbdefault\u00bb custom_button=\u00bbon\u00bb button_text_color=\u00bb#FFFFFF\u00bb button_bg_color=\u00bb#252850&#8243; custom_padding=\u00bb20px|20px|20px|20px|true|true\u00bb global_colors_info=\u00bb{}\u00bb][\/et_pb_button][\/et_pb_column][et_pb_column type=\u00bb1_5&#8243; _builder_version=\u00bb4.17.4&#8243; _module_preset=\u00bbdefault\u00bb background_color=\u00bb#252850&#8243; global_colors_info=\u00bb{}\u00bb][et_pb_button button_url=\u00bbhttps:\/\/tokialai.eus\/dbh\/zerbitzuak\/ekintza-osagarriak\/\u00bb button_text=\u00bbACTIVIDADES\u00bb button_alignment=\u00bbcenter\u00bb _builder_version=\u00bb4.17.4&#8243; _module_preset=\u00bbdefault\u00bb custom_button=\u00bbon\u00bb button_text_color=\u00bb#FFFFFF\u00bb button_bg_color=\u00bb#252850&#8243; custom_padding=\u00bb20px|20px|20px|20px|true|true\u00bb hover_enabled=\u00bb0&#8243; global_colors_info=\u00bb{}\u00bb sticky_enabled=\u00bb0&#8243;][\/et_pb_button][\/et_pb_column][et_pb_column type=\u00bb1_5&#8243; _builder_version=\u00bb4.17.4&#8243; _module_preset=\u00bbdefault\u00bb background_color=\u00bb#252850&#8243; global_colors_info=\u00bb{}\u00bb][et_pb_button button_url=\u00bbhttps:\/\/tokialai.eus\/es\/eso-orientacion\/\u00bb button_text=\u00bbORIENTACI\u00d3N\u00bb _builder_version=\u00bb4.17.4&#8243; _module_preset=\u00bbdefault\u00bb custom_button=\u00bbon\u00bb button_text_color=\u00bb#FFFFFF\u00bb button_bg_color=\u00bb#252850&#8243; custom_padding=\u00bb20px|20px|20px|20px|true|true\u00bb hover_enabled=\u00bb0&#8243; global_colors_info=\u00bb{}\u00bb button_alignment=\u00bbcenter\u00bb sticky_enabled=\u00bb0&#8243;][\/et_pb_button][\/et_pb_column][et_pb_column type=\u00bb1_5&#8243; _builder_version=\u00bb4.17.4&#8243; _module_preset=\u00bbdefault\u00bb background_color=\u00bb#252850&#8243; global_colors_info=\u00bb{}\u00bb][et_pb_button button_url=\u00bb\/eso\/servicios\/mediateca\/\u00bb button_text=\u00bbMEDIATECA\u00bb button_alignment=\u00bbcenter\u00bb _builder_version=\u00bb4.17.4&#8243; _module_preset=\u00bbdefault\u00bb custom_button=\u00bbon\u00bb button_text_color=\u00bb#FFFFFF\u00bb button_bg_color=\u00bb#252850&#8243; custom_padding=\u00bb20px|20px|20px|20px|true|true\u00bb global_colors_info=\u00bb{}\u00bb][\/et_pb_button][\/et_pb_column][\/et_pb_row][\/et_pb_section]<\/p>\n","protected":false},"excerpt":{"rendered":"<p>SERVICIOS El proyecto Toki-Alai naci\u00f3 para ofrecer una oferta global a la ciudad de Irun; junto con la oferta educativa que tenemos, tambi\u00e9n queremos ofrecer servicios de calidad y por eso cuidamos especialmente la atenci\u00f3n continua con las familias de los alumnos, el transporte con diecisiete paradas, el servicio a mil personas en los cuatro<a class=\"moretag\" href=\"https:\/\/tokialai.eus\/es\/eso\/servicios\/\">Irakurri gehiago<\/a><\/p>\n","protected":false},"author":1,"featured_media":2125,"parent":2230,"menu_order":0,"comment_status":"closed","ping_status":"closed","template":"template-dbh-fullwidth.php","meta":{"_et_pb_use_builder":"on","_et_pb_old_content":"","_et_gb_content_width":"","footnotes":""},"wf_page_folders":[15],"class_list":["post-2298","page","type-page","status-publish","has-post-thumbnail","hentry"],"_links":{"self":[{"href":"https:\/\/tokialai.eus\/es\/wp-json\/wp\/v2\/pages\/2298","targetHints":{"allow":["GET"]}}],"collection":[{"href":"https:\/\/tokialai.eus\/es\/wp-json\/wp\/v2\/pages"}],"about":[{"href":"https:\/\/tokialai.eus\/es\/wp-json\/wp\/v2\/types\/page"}],"author":[{"embeddable":true,"href":"https:\/\/tokialai.eus\/es\/wp-json\/wp\/v2\/users\/1"}],"replies":[{"embeddable":true,"href":"https:\/\/tokialai.eus\/es\/wp-json\/wp\/v2\/comments?post=2298"}],"version-history":[{"count":2,"href":"https:\/\/tokialai.eus\/es\/wp-json\/wp\/v2\/pages\/2298\/revisions"}],"predecessor-version":[{"id":2305,"href":"https:\/\/tokialai.eus\/es\/wp-json\/wp\/v2\/pages\/2298\/revisions\/2305"}],"up":[{"embeddable":true,"href":"https:\/\/tokialai.eus\/es\/wp-json\/wp\/v2\/pages\/2230"}],"wp:featuredmedia":[{"embeddable":true,"href":"https:\/\/tokialai.eus\/es\/wp-json\/wp\/v2\/media\/2125"}],"wp:attachment":[{"href":"https:\/\/tokialai.eus\/es\/wp-json\/wp\/v2\/media?parent=2298"}],"wp:term":[{"taxonomy":"wf_page_folders","embeddable":true,"href":"https:\/\/tokialai.eus\/es\/wp-json\/wp\/v2\/wf_page_folders?post=2298"}],"curies":[{"name":"wp","href":"https:\/\/api.w.org\/{rel}","templated":true}]}}