{"id":2288,"date":"2022-06-24T18:43:27","date_gmt":"2022-06-24T16:43:27","guid":{"rendered":"https:\/\/tokialai.eus\/eso\/eso-proyectos\/eso-normalizacion-linguistica\/"},"modified":"2023-03-03T09:13:15","modified_gmt":"2023-03-03T08:13:15","slug":"normalizacion-linguistica","status":"publish","type":"page","link":"https:\/\/tokialai.eus\/es\/eso\/proyectos\/normalizacion-linguistica\/","title":{"rendered":"ESO NORMALIZACI\u00d3N LING\u00dc\u00cdSTICA"},"content":{"rendered":"<p>[et_pb_section fb_built=\u00bb1&#8243; _builder_version=\u00bb4.16&#8243; custom_margin=\u00bb0px||||false|false\u00bb custom_padding=\u00bb0px||||false|false\u00bb global_colors_info=\u00bb{}\u00bb][et_pb_row _builder_version=\u00bb4.17.4&#8243; _module_preset=\u00bbdefault\u00bb global_colors_info=\u00bb{}\u00bb][et_pb_column type=\u00bb4_4&#8243; _builder_version=\u00bb4.17.4&#8243; _module_preset=\u00bbdefault\u00bb global_colors_info=\u00bb{}\u00bb][\/et_pb_column][\/et_pb_row][et_pb_row column_structure=\u00bb3_5,2_5&#8243; _builder_version=\u00bb4.16&#8243; global_colors_info=\u00bb{}\u00bb][et_pb_column type=\u00bb3_5&#8243; _builder_version=\u00bb4.16&#8243; global_colors_info=\u00bb{}\u00bb][et_pb_text _builder_version=\u00bb4.17.4&#8243; _module_preset=\u00bbdefault\u00bb header_2_text_color=\u00bb#252850&#8243; global_colors_info=\u00bb{}\u00bb]<\/p>\n<div id=\"ja-container\" class=\"wrap ja-l1r1\">\n<div class=\"main clearfix\">\n<div id=\"ja-mainbody\">\n<div id=\"ja-main\">\n<div class=\"inner clearfix\">\n<div id=\"ja-contentwrap\" class=\"\">\n<div id=\"ja-content\">\n<div id=\"ja-current-content\" class=\"ja-rounded-box clearfix\">\n<div class=\"ja-content-main clearfix\">\n<div class=\"blog clearfix\">\n<div class=\"leading clearfix\">\n<div class=\"contentpaneopen\">\n<div class=\"article-content\">\n<h2>Normalizaci\u00f3n Ling\u00fc\u00edstica<\/h2>\n<p>El Proyecto de Normalizaci\u00f3n Ling\u00fc\u00edstica es un proyecto creado para dar respuesta a uno de los principales retos a los que se enfrenta el centro educativo Toki-Alai, que es el cumplimiento \u00f3ptimo de lo que marca nuestro Proyecto Educativo. De hecho, los alumnos nos vienen principalmente del ambiente castellanoparlante y euskaldunizar es uno de nuestros objetivos.<\/p>\n<p>Con este proyecto pretendemos incidir en diferentes \u00e1mbitos para potenciar la presencia del euskera, y as\u00ed, en la organizaci\u00f3n general del centro, profesorado, alumnado, padres y madres y personal no docente en los diferentes \u00e1mbitos, fijamos anualmente objetivos en las decisiones de promoci\u00f3n de la misma normalizaci\u00f3n y en las acciones extraescolares para potenciar la motivaci\u00f3n, el conocimiento y el uso, a trav\u00e9s de m\u00faltiples acciones vinculadas a estos objetivos.<\/p>\n<p><strong>Dirigido a<\/strong>: todos los que formamos el centro<\/p>\n<\/div>\n<\/div>\n<\/div>\n<\/div>\n<\/div>\n<\/div>\n<\/div>\n<\/div>\n<\/div>\n<\/div>\n<\/div>\n<\/div>\n<\/div>\n<p>[\/et_pb_text][\/et_pb_column][et_pb_column type=\u00bb2_5&#8243; _builder_version=\u00bb4.16&#8243; global_colors_info=\u00bb{}\u00bb][et_pb_image src=\u00bbhttps:\/\/tokialai.eus\/wp-content\/uploads\/2022\/06\/Toki-Alai_Hizkuntza_Normalkuntza.jpg\u00bb alt=\u00bbToki-Alai_Normalizaci\u00f3n_Ling\u00fc\u00edstica\u00bb title_text=\u00bbToki-Alai_Normalizaci\u00f3n_Ling\u00fc\u00edstica\u00bb align=\u00bbcenter\u00bb _builder_version=\u00bb4.17.4&#8243; _module_preset=\u00bbdefault\u00bb border_width_all=\u00bb1px\u00bb border_color_all=\u00bb#252850&#8243; global_colors_info=\u00bb{}\u00bb][\/et_pb_image][\/et_pb_column][\/et_pb_row][et_pb_row column_structure=\u00bb3_5,2_5&#8243; _builder_version=\u00bb4.16&#8243; global_colors_info=\u00bb{}\u00bb][et_pb_column type=\u00bb3_5&#8243; _builder_version=\u00bb4.16&#8243; global_colors_info=\u00bb{}\u00bb][et_pb_text _builder_version=\u00bb4.18.1&#8243; _module_preset=\u00bbdefault\u00bb header_2_text_color=\u00bb#252850&#8243; hover_enabled=\u00bb0&#8243; global_colors_info=\u00bb{}\u00bb sticky_enabled=\u00bb0&#8243;]<\/p>\n<div id=\"ja-container\" class=\"wrap ja-l1r1\">\n<div class=\"main clearfix\">\n<div id=\"ja-mainbody\">\n<div id=\"ja-main\">\n<div class=\"inner clearfix\">\n<div id=\"ja-contentwrap\" class=\"\">\n<div id=\"ja-content\">\n<div id=\"ja-current-content\" class=\"ja-rounded-box clearfix\">\n<div class=\"ja-content-main clearfix\">\n<div class=\"blog clearfix\">\n<div class=\"leading clearfix\">\n<div class=\"contentpaneopen\">\n<div class=\"article-content\">\n<p><strong><em>IKUSI, ENTZUN, ESAN, ABESTU, BIZI EUSKARAZ!<\/em> <\/strong><\/p>\n<p><a href=\"https:\/\/open.spotify.com\/playlist\/6xPvphqYOD5JwiX4Rdkqmq?si=VdqOrDxAQOeJj9O4g3xK2w\"><img loading=\"lazy\" decoding=\"async\" class=\"wp-image-5086 alignnone size-medium\" src=\"https:\/\/tokialai.eus\/wp-content\/uploads\/2023\/03\/GAZTEALAI-290x300.jpg\" alt=\"\" width=\"290\" height=\"300\" srcset=\"https:\/\/tokialai.eus\/wp-content\/uploads\/2023\/03\/GAZTEALAI-290x300.jpg 290w, https:\/\/tokialai.eus\/wp-content\/uploads\/2023\/03\/GAZTEALAI-989x1024.jpg 989w, https:\/\/tokialai.eus\/wp-content\/uploads\/2023\/03\/GAZTEALAI-768x795.jpg 768w, https:\/\/tokialai.eus\/wp-content\/uploads\/2023\/03\/GAZTEALAI-1483x1536.jpg 1483w, https:\/\/tokialai.eus\/wp-content\/uploads\/2023\/03\/GAZTEALAI-1080x1118.jpg 1080w, https:\/\/tokialai.eus\/wp-content\/uploads\/2023\/03\/GAZTEALAI.jpg 1572w\" sizes=\"(max-width: 290px) 100vw, 290px\" \/><\/a><\/p>\n<\/div>\n<\/div>\n<\/div>\n<\/div>\n<\/div>\n<\/div>\n<\/div>\n<\/div>\n<\/div>\n<\/div>\n<\/div>\n<\/div>\n<\/div>\n<p>[\/et_pb_text][\/et_pb_column][et_pb_column type=\u00bb2_5&#8243; _builder_version=\u00bb4.16&#8243; global_colors_info=\u00bb{}\u00bb][\/et_pb_column][\/et_pb_row][\/et_pb_section]<\/p>\n","protected":false},"excerpt":{"rendered":"<p>Normalizaci\u00f3n Ling\u00fc\u00edstica El Proyecto de Normalizaci\u00f3n Ling\u00fc\u00edstica es un proyecto creado para dar respuesta a uno de los principales retos a los que se enfrenta el centro educativo Toki-Alai, que es el cumplimiento \u00f3ptimo de lo que marca nuestro Proyecto Educativo. De hecho, los alumnos nos vienen principalmente del ambiente castellanoparlante y euskaldunizar es uno<a class=\"moretag\" href=\"https:\/\/tokialai.eus\/es\/eso\/proyectos\/normalizacion-linguistica\/\">Irakurri gehiago<\/a><\/p>\n","protected":false},"author":1,"featured_media":2125,"parent":2260,"menu_order":0,"comment_status":"closed","ping_status":"closed","template":"template-dbh-fullwidth.php","meta":{"_et_pb_use_builder":"on","_et_pb_old_content":"","_et_gb_content_width":"","footnotes":""},"wf_page_folders":[15],"class_list":["post-2288","page","type-page","status-publish","has-post-thumbnail","hentry"],"_links":{"self":[{"href":"https:\/\/tokialai.eus\/es\/wp-json\/wp\/v2\/pages\/2288","targetHints":{"allow":["GET"]}}],"collection":[{"href":"https:\/\/tokialai.eus\/es\/wp-json\/wp\/v2\/pages"}],"about":[{"href":"https:\/\/tokialai.eus\/es\/wp-json\/wp\/v2\/types\/page"}],"author":[{"embeddable":true,"href":"https:\/\/tokialai.eus\/es\/wp-json\/wp\/v2\/users\/1"}],"replies":[{"embeddable":true,"href":"https:\/\/tokialai.eus\/es\/wp-json\/wp\/v2\/comments?post=2288"}],"version-history":[{"count":2,"href":"https:\/\/tokialai.eus\/es\/wp-json\/wp\/v2\/pages\/2288\/revisions"}],"predecessor-version":[{"id":5096,"href":"https:\/\/tokialai.eus\/es\/wp-json\/wp\/v2\/pages\/2288\/revisions\/5096"}],"up":[{"embeddable":true,"href":"https:\/\/tokialai.eus\/es\/wp-json\/wp\/v2\/pages\/2260"}],"wp:featuredmedia":[{"embeddable":true,"href":"https:\/\/tokialai.eus\/es\/wp-json\/wp\/v2\/media\/2125"}],"wp:attachment":[{"href":"https:\/\/tokialai.eus\/es\/wp-json\/wp\/v2\/media?parent=2288"}],"wp:term":[{"taxonomy":"wf_page_folders","embeddable":true,"href":"https:\/\/tokialai.eus\/es\/wp-json\/wp\/v2\/wf_page_folders?post=2288"}],"curies":[{"name":"wp","href":"https:\/\/api.w.org\/{rel}","templated":true}]}}