{"id":2281,"date":"2022-06-24T18:43:24","date_gmt":"2022-06-24T16:43:24","guid":{"rendered":"https:\/\/tokialai.eus\/eso\/eso-proyectos\/eso-hedatzen\/"},"modified":"2025-12-04T14:42:19","modified_gmt":"2025-12-04T13:42:19","slug":"hedatze","status":"publish","type":"page","link":"https:\/\/tokialai.eus\/es\/eso\/proyectos\/hedatze\/","title":{"rendered":"ESO HEDATZE"},"content":{"rendered":"<p>[et_pb_section fb_built=\u00bb1&#8243; _builder_version=\u00bb4.16&#8243; custom_margin=\u00bb0px||||false|false\u00bb custom_padding=\u00bb0px||||false|false\u00bb global_colors_info=\u00bb{}\u00bb][et_pb_row _builder_version=\u00bb4.17.4&#8243; _module_preset=\u00bbdefault\u00bb global_colors_info=\u00bb{}\u00bb][et_pb_column type=\u00bb4_4&#8243; _builder_version=\u00bb4.17.4&#8243; _module_preset=\u00bbdefault\u00bb global_colors_info=\u00bb{}\u00bb][\/et_pb_column][\/et_pb_row][et_pb_row column_structure=\u00bb3_5,2_5&#8243; _builder_version=\u00bb4.16&#8243; global_colors_info=\u00bb{}\u00bb][et_pb_column type=\u00bb3_5&#8243; _builder_version=\u00bb4.16&#8243; global_colors_info=\u00bb{}\u00bb][et_pb_text _builder_version=\u00bb4.27.4&#8243; _module_preset=\u00bbdefault\u00bb header_2_text_color=\u00bb#252850&#8243; global_colors_info=\u00bb{}\u00bb]<\/p>\n<h2 dir=\"ltr\">REFUERZOS<\/h2>\n<p>El objetivo principal de estos programas es mejorar el nivel de desempe\u00f1o y el rendimiento en competencia matem\u00e1tica y lectora del alumnado de Educaci\u00f3n Secundaria Obligatoria.<\/p>\n<p>Se enmarcan en la <em>Estrategia Integral de Mejora de los Resultados Educativos 2024-2028<\/em> , dentro de la l\u00ednea 7 de los programas de refuerzo de competencias.<\/p>\n<h3 dir=\"ltr\">BIDELAGUNA<\/h3>\n<ul>\n<li dir=\"ltr\">Alumn@s de 1\u00ba de ESO.<\/li>\n<li dir=\"ltr\">Tres d\u00edas a la semana: Lunes, martes y jueves de 14:30 a 15:45.<\/li>\n<li dir=\"ltr\">Tod@s l@s alumn@s trabajan las competencias de matem\u00e1ticas, comprensi\u00f3n lectora en euskera y comprensi\u00f3n lectora en castellano.<\/li>\n<li dir=\"ltr\">Adem\u00e1s del refuerzo competencial, se ofrece un acompa\u00f1amiento integral en h\u00e1bitos de estudio y organizaci\u00f3n del trabajo escolar.<\/li>\n<\/ul>\n<p>&nbsp;<\/p>\n<h3 dir=\"ltr\">HE-INDARTUZ<\/h3>\n<ul>\n<li dir=\"ltr\">Alumn@s de 2\u00ba , 3\u00ba y 4\u00ba de ESO.<\/li>\n<li dir=\"ltr\">Un d\u00eda a la semana: Lunes 2\u00ba de ESO, martes 3\u00ba de ESO y jueves 4\u00ba de ESO<\/li>\n<li dir=\"ltr\">Grupos diferenciados por \u00e1mbito competencial (lectura o matem\u00e1tica). Dos turnos en cada competencia. Sesiones de 1h en cada turno y competencia.<\/li>\n<li dir=\"ltr\">Una mism@ alumn@ podr\u00e1 reforzar ambas competencias o una sola.<\/li>\n<\/ul>\n<p>[\/et_pb_text][et_pb_button button_url=\u00bbhttps:\/\/tokialai.eus\/wp-content\/uploads\/2025\/11\/ARRATSALDEETAKO-INDARTZE-SAIOAK_elebi.pdf\u00bb url_new_window=\u00bbon\u00bb button_text=\u00bbREFUERZOS\u00bb button_alignment=\u00bbcenter\u00bb _builder_version=\u00bb4.27.4&#8243; _module_preset=\u00bbdefault\u00bb custom_button=\u00bbon\u00bb button_text_color=\u00bb#ffffff\u00bb button_bg_color=\u00bbrgba(37,40,80,0.8)\u00bb custom_padding=\u00bb20px|20px|20px|20px|true|true\u00bb locked=\u00bboff\u00bb global_colors_info=\u00bb{}\u00bb][\/et_pb_button][\/et_pb_column][et_pb_column type=\u00bb2_5&#8243; _builder_version=\u00bb4.16&#8243; global_colors_info=\u00bb{}\u00bb][et_pb_image src=\u00bbhttps:\/\/tokialai.eus\/wp-content\/uploads\/2022\/06\/Hedatzen_Toki-Alai.jpg\u00bb alt=\u00bbHedatzen_Toki-Alai\u00bb title_text=\u00bbHedatzen_Toki-Alai\u00bb align=\u00bbcenter\u00bb _builder_version=\u00bb4.17.4&#8243; _module_preset=\u00bbdefault\u00bb border_width_all=\u00bb1px\u00bb border_color_all=\u00bb#252850&#8243; global_colors_info=\u00bb{}\u00bb][\/et_pb_image][\/et_pb_column][\/et_pb_row][\/et_pb_section]<\/p>\n","protected":false},"excerpt":{"rendered":"<p>REFUERZOS El objetivo principal de estos programas es mejorar el nivel de desempe\u00f1o y el rendimiento en competencia matem\u00e1tica y lectora del alumnado de Educaci\u00f3n Secundaria Obligatoria. Se enmarcan en la Estrategia Integral de Mejora de los Resultados Educativos 2024-2028 , dentro de la l\u00ednea 7 de los programas de refuerzo de competencias. BIDELAGUNA Alumn@s<a class=\"moretag\" href=\"https:\/\/tokialai.eus\/es\/eso\/proyectos\/hedatze\/\">Irakurri gehiago<\/a><\/p>\n","protected":false},"author":1,"featured_media":2125,"parent":2260,"menu_order":0,"comment_status":"closed","ping_status":"closed","template":"template-dbh-fullwidth.php","meta":{"_et_pb_use_builder":"on","_et_pb_old_content":"","_et_gb_content_width":"","footnotes":""},"wf_page_folders":[15],"class_list":["post-2281","page","type-page","status-publish","has-post-thumbnail","hentry"],"_links":{"self":[{"href":"https:\/\/tokialai.eus\/es\/wp-json\/wp\/v2\/pages\/2281","targetHints":{"allow":["GET"]}}],"collection":[{"href":"https:\/\/tokialai.eus\/es\/wp-json\/wp\/v2\/pages"}],"about":[{"href":"https:\/\/tokialai.eus\/es\/wp-json\/wp\/v2\/types\/page"}],"author":[{"embeddable":true,"href":"https:\/\/tokialai.eus\/es\/wp-json\/wp\/v2\/users\/1"}],"replies":[{"embeddable":true,"href":"https:\/\/tokialai.eus\/es\/wp-json\/wp\/v2\/comments?post=2281"}],"version-history":[{"count":28,"href":"https:\/\/tokialai.eus\/es\/wp-json\/wp\/v2\/pages\/2281\/revisions"}],"predecessor-version":[{"id":9088,"href":"https:\/\/tokialai.eus\/es\/wp-json\/wp\/v2\/pages\/2281\/revisions\/9088"}],"up":[{"embeddable":true,"href":"https:\/\/tokialai.eus\/es\/wp-json\/wp\/v2\/pages\/2260"}],"wp:featuredmedia":[{"embeddable":true,"href":"https:\/\/tokialai.eus\/es\/wp-json\/wp\/v2\/media\/2125"}],"wp:attachment":[{"href":"https:\/\/tokialai.eus\/es\/wp-json\/wp\/v2\/media?parent=2281"}],"wp:term":[{"taxonomy":"wf_page_folders","embeddable":true,"href":"https:\/\/tokialai.eus\/es\/wp-json\/wp\/v2\/wf_page_folders?post=2281"}],"curies":[{"name":"wp","href":"https:\/\/api.w.org\/{rel}","templated":true}]}}