{"id":2268,"date":"2022-06-24T18:30:47","date_gmt":"2022-06-24T16:30:47","guid":{"rendered":"https:\/\/tokialai.eus\/eso\/eso-proyectos\/eso-agenda-30\/"},"modified":"2022-09-29T22:17:36","modified_gmt":"2022-09-29T20:17:36","slug":"agenda-2030","status":"publish","type":"page","link":"https:\/\/tokialai.eus\/es\/eso\/proyectos\/agenda-2030\/","title":{"rendered":"ESO AGENDA 2030"},"content":{"rendered":"<p>[et_pb_section fb_built=\u00bb1&#8243; _builder_version=\u00bb4.16&#8243; custom_margin=\u00bb0px||||false|false\u00bb custom_padding=\u00bb0px||||false|false\u00bb global_colors_info=\u00bb{}\u00bb][et_pb_row _builder_version=\u00bb4.17.4&#8243; _module_preset=\u00bbdefault\u00bb global_colors_info=\u00bb{}\u00bb][et_pb_column type=\u00bb4_4&#8243; _builder_version=\u00bb4.17.4&#8243; _module_preset=\u00bbdefault\u00bb global_colors_info=\u00bb{}\u00bb][\/et_pb_column][\/et_pb_row][et_pb_row column_structure=\u00bb3_5,2_5&#8243; _builder_version=\u00bb4.16&#8243; global_colors_info=\u00bb{}\u00bb][et_pb_column type=\u00bb3_5&#8243; _builder_version=\u00bb4.16&#8243; global_colors_info=\u00bb{}\u00bb][et_pb_text _builder_version=\u00bb4.17.4&#8243; _module_preset=\u00bbdefault\u00bb header_2_text_color=\u00bb#252850&#8243; global_colors_info=\u00bb{}\u00bb]<\/p>\n<h2>\u00bfQu\u00e9 es la Agenda 2030?<\/h2>\n<p>Nuestros pueblos (99 en Euskadi) y nuestros centros de Educaci\u00f3n Obligatoria (341 en Euskadi al 50%) han decidido impulsar la educaci\u00f3n para la sostenibilidad y para ello han decidido llevar a cabo el proyecto ESCUELA AGENDA 2030 en la localidad y en el centro educativo. Por tanto, la Agenda 2030 Escolar es un compromiso de todos y todas y, por otro lado, es un plan de acci\u00f3n a favor de la mejora ambiental y social del centro y de su entorno.<\/p>\n<p>&nbsp;<\/p>\n<h2>\u00bfCU\u00c1LES SON LOS OBJETIVOS DEL PROYECTO AGENDA 2030 ESCOLAR?<\/h2>\n<ul>\n<li>Procurar la innovaci\u00f3n y la calidad educativa, desarrollar en nuestros alumnos las capacidades para <strong>resolver problemas y familiarizarles con la ciudadan\u00eda participativa.<\/strong><\/li>\n<li>Que nuestros <strong>alumnos conozcan los problemas sociales y ambientales<\/strong> que existen en la escuela y en el pueblo, y <strong>que acuerden y pongan en marcha propuestas y alternativas de mejora.<\/strong><\/li>\n<li><strong>Hacer del centro un modelo de pr\u00e1ctica ambiental y social.<\/strong><\/li>\n<\/ul>\n<p>[\/et_pb_text][\/et_pb_column][et_pb_column type=\u00bb2_5&#8243; _builder_version=\u00bb4.16&#8243; global_colors_info=\u00bb{}\u00bb][et_pb_image src=\u00bbhttps:\/\/tokialai.eus\/wp-content\/uploads\/2022\/09\/R46759_IRUN-EA-2030-LOGOA-e1664482513137.png\u00bb alt=\u00bbToki-Alai_agenda30&#8243; title_text=\u00bbR46759_IRUN EA 2030 LOGOA\u00bb align=\u00bbcenter\u00bb _builder_version=\u00bb4.18.0&#8243; _module_preset=\u00bbdefault\u00bb global_colors_info=\u00bb{}\u00bb][\/et_pb_image][et_pb_image src=\u00bbhttps:\/\/tokialai.eus\/wp-content\/uploads\/2022\/06\/Toki-Alai_agenda30.jpg\u00bb alt=\u00bbToki-Alai_agenda30&#8243; title_text=\u00bbToki-Alai_agenda30&#8243; align=\u00bbcenter\u00bb _builder_version=\u00bb4.17.4&#8243; _module_preset=\u00bbdefault\u00bb global_colors_info=\u00bb{}\u00bb][\/et_pb_image][et_pb_button button_url=\u00bb\/wp-content\/uploads\/2022\/06\/Tokialai_Agenda2030.pdf\u00bb url_new_window=\u00bbon\u00bb button_text=\u00bbAGENDA 2030 ESCOLAR\u00bb button_alignment=\u00bbcenter\u00bb _builder_version=\u00bb4.17.4&#8243; _module_preset=\u00bbdefault\u00bb custom_button=\u00bbon\u00bb button_text_color=\u00bb#ffffff\u00bb button_bg_color=\u00bb#252850&#8243; custom_padding=\u00bb20px|20px|20px|20px|true|true\u00bb global_colors_info=\u00bb{}\u00bb][\/et_pb_button][\/et_pb_column][\/et_pb_row][\/et_pb_section]<\/p>\n","protected":false},"excerpt":{"rendered":"<p>\u00bfQu\u00e9 es la Agenda 2030? Nuestros pueblos (99 en Euskadi) y nuestros centros de Educaci\u00f3n Obligatoria (341 en Euskadi al 50%) han decidido impulsar la educaci\u00f3n para la sostenibilidad y para ello han decidido llevar a cabo el proyecto ESCUELA AGENDA 2030 en la localidad y en el centro educativo. Por tanto, la Agenda 2030<a class=\"moretag\" href=\"https:\/\/tokialai.eus\/es\/eso\/proyectos\/agenda-2030\/\">Irakurri gehiago<\/a><\/p>\n","protected":false},"author":1,"featured_media":2125,"parent":2260,"menu_order":0,"comment_status":"closed","ping_status":"closed","template":"template-dbh-fullwidth.php","meta":{"_et_pb_use_builder":"on","_et_pb_old_content":"","_et_gb_content_width":"","footnotes":""},"wf_page_folders":[15],"class_list":["post-2268","page","type-page","status-publish","has-post-thumbnail","hentry"],"_links":{"self":[{"href":"https:\/\/tokialai.eus\/es\/wp-json\/wp\/v2\/pages\/2268","targetHints":{"allow":["GET"]}}],"collection":[{"href":"https:\/\/tokialai.eus\/es\/wp-json\/wp\/v2\/pages"}],"about":[{"href":"https:\/\/tokialai.eus\/es\/wp-json\/wp\/v2\/types\/page"}],"author":[{"embeddable":true,"href":"https:\/\/tokialai.eus\/es\/wp-json\/wp\/v2\/users\/1"}],"replies":[{"embeddable":true,"href":"https:\/\/tokialai.eus\/es\/wp-json\/wp\/v2\/comments?post=2268"}],"version-history":[{"count":16,"href":"https:\/\/tokialai.eus\/es\/wp-json\/wp\/v2\/pages\/2268\/revisions"}],"predecessor-version":[{"id":3564,"href":"https:\/\/tokialai.eus\/es\/wp-json\/wp\/v2\/pages\/2268\/revisions\/3564"}],"up":[{"embeddable":true,"href":"https:\/\/tokialai.eus\/es\/wp-json\/wp\/v2\/pages\/2260"}],"wp:featuredmedia":[{"embeddable":true,"href":"https:\/\/tokialai.eus\/es\/wp-json\/wp\/v2\/media\/2125"}],"wp:attachment":[{"href":"https:\/\/tokialai.eus\/es\/wp-json\/wp\/v2\/media?parent=2268"}],"wp:term":[{"taxonomy":"wf_page_folders","embeddable":true,"href":"https:\/\/tokialai.eus\/es\/wp-json\/wp\/v2\/wf_page_folders?post=2268"}],"curies":[{"name":"wp","href":"https:\/\/api.w.org\/{rel}","templated":true}]}}