{"id":2230,"date":"2022-06-24T16:40:11","date_gmt":"2022-06-24T14:40:11","guid":{"rendered":"https:\/\/tokialai.eus\/educacion-secundaria\/"},"modified":"2022-06-24T16:42:32","modified_gmt":"2022-06-24T14:42:32","slug":"eso","status":"publish","type":"page","link":"https:\/\/tokialai.eus\/es\/eso\/","title":{"rendered":"EDUCACI\u00d3N SECUNDARIA"},"content":{"rendered":"<p>[et_pb_section fb_built=\u00bb1&#8243; _builder_version=\u00bb4.16.1&#8243; _module_preset=\u00bbdefault\u00bb global_colors_info=\u00bb{}\u00bb][et_pb_row _builder_version=\u00bb4.17.4&#8243; _module_preset=\u00bbdefault\u00bb global_colors_info=\u00bb{}\u00bb][et_pb_column type=\u00bb4_4&#8243; _builder_version=\u00bb4.17.4&#8243; _module_preset=\u00bbdefault\u00bb global_colors_info=\u00bb{}\u00bb][et_pb_divider show_divider=\u00bboff\u00bb _builder_version=\u00bb4.17.4&#8243; _module_preset=\u00bbdefault\u00bb global_colors_info=\u00bb{}\u00bb][\/et_pb_divider][\/et_pb_column][\/et_pb_row][et_pb_row _builder_version=\u00bb4.16.1&#8243; _module_preset=\u00bbdefault\u00bb global_colors_info=\u00bb{}\u00bb][et_pb_column type=\u00bb4_4&#8243; _builder_version=\u00bb4.16.1&#8243; _module_preset=\u00bbdefault\u00bb global_colors_info=\u00bb{}\u00bb][et_pb_text _builder_version=\u00bb4.17.4&#8243; _module_preset=\u00bbdefault\u00bb header_2_text_color=\u00bb#252850&#8243; text_orientation=\u00bbjustified\u00bb global_colors_info=\u00bb{}\u00bb]<\/p>\n<h2><strong>EDUCACI\u00d3N SECUNDARIA<\/strong>: Orientando el futuro<\/h2>\n<p>De 12 a 16 a\u00f1os nos esforzamos en desarrollar la personalidad del ni\u00f1o\/a, sacando el m\u00e1ximo partido a sus capacidades. Con la ayuda de la familia y el propio centro, comenzamos a cincelar el perfil profesional del alumno.<\/p>\n<p>La Educaci\u00f3n Secundaria es una nueva etapa con caracter\u00edsticas especiales. Las \u00e1reas de esta etapa son muy proclives a la incorporaci\u00f3n a las materias, por lo que debemos ofrecer una formaci\u00f3n polivalente, partiendo de un espacio con contenidos comunes y orientando cada vez m\u00e1s el grado de diferenciaci\u00f3n en el Segundo Ciclo. Entre las nuevas materias encontramos la distinci\u00f3n entre Ciencias Sociales y Ciencias Naturales (Biolog\u00eda, Geolog\u00eda, F\u00edsica y Qu\u00edmica) o la introducci\u00f3n de la Tecnolog\u00eda como asignatura obligatoria en los tres primeros cursos y entre las optativas en cuarto curso.<\/p>\n<p>&nbsp;<\/p>\n<p>[\/et_pb_text][\/et_pb_column][\/et_pb_row][et_pb_row _builder_version=\u00bb4.17.4&#8243; _module_preset=\u00bbdefault\u00bb global_colors_info=\u00bb{}\u00bb][et_pb_column type=\u00bb4_4&#8243; _builder_version=\u00bb4.17.4&#8243; _module_preset=\u00bbdefault\u00bb global_colors_info=\u00bb{}\u00bb][et_pb_text _builder_version=\u00bb4.17.4&#8243; _module_preset=\u00bbdefault\u00bb header_2_text_color=\u00bb#252850&#8243; text_orientation=\u00bbjustified\u00bb border_color_all=\u00bb#252850&#8243; border_width_bottom=\u00bb1px\u00bb border_color_bottom=\u00bb#252850&#8243; global_colors_info=\u00bb{}\u00bb]<\/p>\n<h2><strong>\u00daLTIMAS NOTICIAS<\/strong><\/h2>\n<p>[\/et_pb_text][et_pb_blog fullwidth=\u00bboff\u00bb posts_number=\u00bb6&#8243; include_categories=\u00bb10&#8243; excerpt_length=\u00bb150&#8243; show_author=\u00bboff\u00bb _builder_version=\u00bb4.17.4&#8243; _module_preset=\u00bbdefault\u00bb global_colors_info=\u00bb{}\u00bb][\/et_pb_blog][\/et_pb_column][\/et_pb_row][et_pb_row column_structure=\u00bb1_3,1_3,1_3&#8243; module_class=\u00bblogoak\u00bb _builder_version=\u00bb4.17.4&#8243; _module_preset=\u00bbdefault\u00bb background_color=\u00bbRGBA(255,255,255,0)\u00bb width=\u00bb100%\u00bb max_width=\u00bb2560px\u00bb module_alignment=\u00bbcenter\u00bb custom_margin=\u00bb0px||0px||false|false\u00bb custom_padding=\u00bb0px||0px||false|false\u00bb locked=\u00bboff\u00bb global_colors_info=\u00bb{}\u00bb][et_pb_column type=\u00bb1_3&#8243; _builder_version=\u00bb4.16&#8243; _module_preset=\u00bbdefault\u00bb custom_padding=\u00bb0px||0px||true|false\u00bb global_colors_info=\u00bb{}\u00bb][\/et_pb_column][et_pb_column type=\u00bb1_3&#8243; _builder_version=\u00bb4.16&#8243; _module_preset=\u00bbdefault\u00bb custom_padding=\u00bb0px||0px||true|false\u00bb global_colors_info=\u00bb{}\u00bb][et_pb_image src=\u00bbhttps:\/\/tokialai.eus\/wp-content\/uploads\/2022\/05\/IKT_maila_aurreratua.png\u00bb alt=\u00bbIKT_nivel_avanzado\u00bb title_text=\u00bbIKT_nivel_avanzado\u00bb url=\u00bbhttps:\/\/tokialai.eus\/wp-content\/uploads\/2022\/05\/Toki-Alai-BHI-IKT-heldutasuna-goi-maila.pdf\u00bb url_new_window=\u00bbon\u00bb _builder_version=\u00bb4.16.1&#8243; _module_preset=\u00bbdefault\u00bb global_colors_info=\u00bb{}\u00bb][\/et_pb_image][\/et_pb_column][et_pb_column type=\u00bb1_3&#8243; _builder_version=\u00bb4.16&#8243; _module_preset=\u00bbdefault\u00bb custom_padding=\u00bb0px||0px||true|false\u00bb global_colors_info=\u00bb{}\u00bb][\/et_pb_column][\/et_pb_row][\/et_pb_section]<\/p>\n","protected":false},"excerpt":{"rendered":"<p>EDUCACI\u00d3N SECUNDARIA: Orientando el futuro De 12 a 16 a\u00f1os nos esforzamos en desarrollar la personalidad del ni\u00f1o\/a, sacando el m\u00e1ximo partido a sus capacidades. Con la ayuda de la familia y el propio centro, comenzamos a cincelar el perfil profesional del alumno. La Educaci\u00f3n Secundaria es una nueva etapa con caracter\u00edsticas especiales. Las \u00e1reas<a class=\"moretag\" href=\"https:\/\/tokialai.eus\/es\/eso\/\">Irakurri gehiago<\/a><\/p>\n","protected":false},"author":1,"featured_media":2125,"parent":0,"menu_order":0,"comment_status":"closed","ping_status":"closed","template":"template-dbh-fullwidth.php","meta":{"_et_pb_use_builder":"on","_et_pb_old_content":"","_et_gb_content_width":"","footnotes":""},"wf_page_folders":[15],"class_list":["post-2230","page","type-page","status-publish","has-post-thumbnail","hentry"],"_links":{"self":[{"href":"https:\/\/tokialai.eus\/es\/wp-json\/wp\/v2\/pages\/2230","targetHints":{"allow":["GET"]}}],"collection":[{"href":"https:\/\/tokialai.eus\/es\/wp-json\/wp\/v2\/pages"}],"about":[{"href":"https:\/\/tokialai.eus\/es\/wp-json\/wp\/v2\/types\/page"}],"author":[{"embeddable":true,"href":"https:\/\/tokialai.eus\/es\/wp-json\/wp\/v2\/users\/1"}],"replies":[{"embeddable":true,"href":"https:\/\/tokialai.eus\/es\/wp-json\/wp\/v2\/comments?post=2230"}],"version-history":[{"count":6,"href":"https:\/\/tokialai.eus\/es\/wp-json\/wp\/v2\/pages\/2230\/revisions"}],"predecessor-version":[{"id":2236,"href":"https:\/\/tokialai.eus\/es\/wp-json\/wp\/v2\/pages\/2230\/revisions\/2236"}],"wp:featuredmedia":[{"embeddable":true,"href":"https:\/\/tokialai.eus\/es\/wp-json\/wp\/v2\/media\/2125"}],"wp:attachment":[{"href":"https:\/\/tokialai.eus\/es\/wp-json\/wp\/v2\/media?parent=2230"}],"wp:term":[{"taxonomy":"wf_page_folders","embeddable":true,"href":"https:\/\/tokialai.eus\/es\/wp-json\/wp\/v2\/wf_page_folders?post=2230"}],"curies":[{"name":"wp","href":"https:\/\/api.w.org\/{rel}","templated":true}]}}